{"id":22852,"date":"2022-06-07T09:52:53","date_gmt":"2022-06-07T07:52:53","guid":{"rendered":"https:\/\/www.maquinariamarquez.com\/?page_id=22852"},"modified":"2022-07-22T09:00:11","modified_gmt":"2022-07-22T07:00:11","slug":"serie-m-bnc-550-650","status":"publish","type":"page","link":"https:\/\/www.maquinariamarquez.com\/pt-pt\/home\/tornos-paralelos-cnc-2\/serie-m-bnc-550-650\/","title":{"rendered":"Serie M. BNC 550-650"},"content":{"rendered":"<table width=\"606\">\n<tbody>\n<tr>\n<td colspan=\"2\" width=\"284\"><\/td>\n<td width=\"161\"><strong>BNC 550<\/strong><\/td>\n<td width=\"161\"><strong>BNC 650<\/strong><\/td>\n<\/tr>\n<tr>\n<td colspan=\"2\" width=\"284\"><strong>CAPACIDAD<\/strong><\/td>\n<td width=\"161\"><\/td>\n<td width=\"161\"><\/td>\n<\/tr>\n<tr>\n<td width=\"214\">Di\u00e1metro sobre bancada<\/td>\n<td width=\"70\">&nbsp;&nbsp;&nbsp;&nbsp;&nbsp;&nbsp;&nbsp;&nbsp;&nbsp;&nbsp;&nbsp;&nbsp; mm<\/td>\n<td width=\"161\">550<\/td>\n<td width=\"161\">650<\/td>\n<\/tr>\n<tr>\n<td width=\"214\">Di\u00e1metro sobre carro<\/td>\n<td width=\"70\">&nbsp;&nbsp;&nbsp;&nbsp;&nbsp;&nbsp;&nbsp;&nbsp;&nbsp;&nbsp;&nbsp;&nbsp; mm<\/td>\n<td width=\"161\">310<\/td>\n<td width=\"161\">410<\/td>\n<\/tr>\n<tr>\n<td width=\"214\">Di\u00e1metro sobre escote<\/td>\n<td width=\"70\">&nbsp;&nbsp;&nbsp;&nbsp;&nbsp;&nbsp;&nbsp;&nbsp;&nbsp;&nbsp;&nbsp;&nbsp; mm<\/td>\n<td width=\"161\">770<\/td>\n<td width=\"161\">870<\/td>\n<\/tr>\n<tr>\n<td width=\"214\">Distancia entre puntos<\/td>\n<td width=\"70\">&nbsp;&nbsp;&nbsp;&nbsp;&nbsp;&nbsp;&nbsp;&nbsp;&nbsp;&nbsp;&nbsp;&nbsp; mm<\/td>\n<td colspan=\"2\" width=\"322\">1000\/1500\/2000\/3000\/4000<\/td>\n<\/tr>\n<tr>\n<td width=\"214\">Peso m\u00e1x. pieza trabajo<\/td>\n<td width=\"70\">&nbsp;&nbsp;&nbsp;&nbsp;&nbsp;&nbsp;&nbsp;&nbsp;&nbsp;&nbsp;&nbsp;&nbsp;&nbsp;&nbsp; Kg<\/td>\n<td width=\"161\">2.000<\/td>\n<td width=\"161\">2.000<\/td>\n<\/tr>\n<tr>\n<td colspan=\"2\" width=\"284\"><strong>CARRO<\/strong><\/td>\n<td width=\"161\"><strong>&nbsp;<\/strong><\/td>\n<td width=\"161\"><strong>&nbsp;<\/strong><\/td>\n<\/tr>\n<tr>\n<td width=\"214\">Anchura gu\u00edas de la bancada<\/td>\n<td width=\"70\">&nbsp;&nbsp;&nbsp;&nbsp;&nbsp;&nbsp;&nbsp;&nbsp;&nbsp;&nbsp;&nbsp;&nbsp; mm<\/td>\n<td width=\"161\">405<\/td>\n<td width=\"161\">405<\/td>\n<\/tr>\n<tr>\n<td width=\"214\">Anchura gu\u00edas carro transv.<\/td>\n<td width=\"70\">&nbsp;&nbsp;&nbsp;&nbsp;&nbsp;&nbsp;&nbsp;&nbsp;&nbsp;&nbsp;&nbsp;&nbsp; mm<\/td>\n<td width=\"161\">215<\/td>\n<td width=\"161\">215<\/td>\n<\/tr>\n<tr>\n<td colspan=\"2\" width=\"284\"><strong>RECORRIDO<\/strong><\/td>\n<td width=\"161\"><\/td>\n<td width=\"161\"><\/td>\n<\/tr>\n<tr>\n<td width=\"214\">Eje X<\/td>\n<td width=\"70\">&nbsp;&nbsp;&nbsp;&nbsp;&nbsp;&nbsp;&nbsp;&nbsp;&nbsp;&nbsp;&nbsp;&nbsp; mm<\/td>\n<td width=\"161\">300<\/td>\n<td width=\"161\">345<\/td>\n<\/tr>\n<tr>\n<td width=\"214\">Eje Z<\/td>\n<td width=\"70\">&nbsp;&nbsp;&nbsp;&nbsp;&nbsp;&nbsp;&nbsp;&nbsp;&nbsp;&nbsp;&nbsp;&nbsp; mm<\/td>\n<td colspan=\"2\" width=\"322\">1150\/1650\/2150\/3150\/4050<\/td>\n<\/tr>\n<tr>\n<td colspan=\"2\" width=\"284\"><strong>HUSILLO<\/strong><\/td>\n<td width=\"161\"><\/td>\n<td width=\"161\"><\/td>\n<\/tr>\n<tr>\n<td width=\"214\">\u00d8 ca\u00f1a del husillo \/ Nariz del husillo<\/td>\n<td width=\"70\">&nbsp;&nbsp;&nbsp;&nbsp;&nbsp;&nbsp;&nbsp;&nbsp;&nbsp;&nbsp;&nbsp;&nbsp; mm<\/td>\n<td width=\"161\">82 \/ A1-8<\/td>\n<td width=\"161\">106 \/ A1-11<\/td>\n<\/tr>\n<tr>\n<td width=\"214\">Gama de velocidades<\/td>\n<td width=\"70\">&nbsp;&nbsp;&nbsp;&nbsp;&nbsp;&nbsp;&nbsp;&nbsp;&nbsp;&nbsp;&nbsp;&nbsp; rpm<\/td>\n<td width=\"161\">0-3500<\/td>\n<td width=\"161\">0-2400<\/td>\n<\/tr>\n<tr>\n<td width=\"214\">Potencia del motor<\/td>\n<td width=\"70\">&nbsp;&nbsp;&nbsp;&nbsp;&nbsp;&nbsp;&nbsp;&nbsp;&nbsp;&nbsp;&nbsp;&nbsp;&nbsp; Kw<\/td>\n<td width=\"161\">15\/22<\/td>\n<td width=\"161\">15\/22<\/td>\n<\/tr>\n<tr>\n<td colspan=\"2\" width=\"284\"><strong>CONTRAPUNTO<\/strong><\/td>\n<td width=\"161\"><\/td>\n<td width=\"161\"><\/td>\n<\/tr>\n<tr>\n<td width=\"214\">Salida de la ca\u00f1a \/ Diametro de la ca\u00f1a<\/td>\n<td width=\"70\">&nbsp;&nbsp;&nbsp;&nbsp;&nbsp;&nbsp;&nbsp;&nbsp;&nbsp;&nbsp;&nbsp;&nbsp; mm<\/td>\n<td width=\"161\">150 \/ 100<\/td>\n<td width=\"161\">150 \/ 100<\/td>\n<\/tr>\n<tr>\n<td width=\"214\">Cono interior<\/td>\n<td width=\"70\">&nbsp;&nbsp;&nbsp;&nbsp;&nbsp;&nbsp;&nbsp;&nbsp;&nbsp;&nbsp;&nbsp;&nbsp;&nbsp; MT<\/td>\n<td width=\"161\">MT5<\/td>\n<td width=\"161\">MT5<\/td>\n<\/tr>\n<tr>\n<td colspan=\"2\" width=\"284\"><strong>GAMA DE AVANCES<\/strong><\/td>\n<td width=\"161\"><\/td>\n<td width=\"161\"><\/td>\n<\/tr>\n<tr>\n<td width=\"214\">Avances r\u00e1pidos eje X<\/td>\n<td width=\"70\">&nbsp;&nbsp;&nbsp;&nbsp;&nbsp; mm\/min<\/td>\n<td width=\"161\">15.000<\/td>\n<td width=\"161\">15.000<\/td>\n<\/tr>\n<tr>\n<td width=\"214\">Avances r\u00e1pidos eje Z<\/td>\n<td width=\"70\">&nbsp;&nbsp;&nbsp;&nbsp;&nbsp; mm\/min<\/td>\n<td width=\"161\">15.000<\/td>\n<td width=\"161\">15.000<\/td>\n<\/tr>\n<tr>\n<td width=\"214\">Avances de trabajo<\/td>\n<td width=\"70\">&nbsp;&nbsp;&nbsp;&nbsp;&nbsp; mm\/min<\/td>\n<td width=\"161\">3.000<\/td>\n<td width=\"161\">3.000<\/td>\n<\/tr>\n<tr>\n<td colspan=\"2\" width=\"284\"><strong>OTROS<\/strong><\/td>\n<td width=\"161\"><\/td>\n<td width=\"161\"><\/td>\n<\/tr>\n<tr>\n<td width=\"214\">Superficie m\u00e1quina<\/td>\n<td width=\"70\">&nbsp;&nbsp;&nbsp;&nbsp;&nbsp;&nbsp;&nbsp;&nbsp;&nbsp;&nbsp;&nbsp;&nbsp; mm<\/td>\n<td width=\"161\">4190 x 2245 x 2050<\/td>\n<td width=\"161\">4190 x 2245 x 2050<\/td>\n<\/tr>\n<\/tbody>\n<\/table>\n","protected":false},"excerpt":{"rendered":"<p>BNC 550 BNC 650 CAPACIDAD Di\u00e1metro sobre bancada &nbsp;&nbsp;&nbsp;&nbsp;&nbsp;&nbsp;&nbsp;&nbsp;&nbsp;&nbsp;&nbsp;&nbsp; mm 550 650 Di\u00e1metro sobre carro &nbsp;&nbsp;&nbsp;&nbsp;&nbsp;&nbsp;&nbsp;&nbsp;&nbsp;&nbsp;&nbsp;&nbsp; mm 310 410 Di\u00e1metro sobre escote &nbsp;&nbsp;&nbsp;&nbsp;&nbsp;&nbsp;&nbsp;&nbsp;&nbsp;&nbsp;&nbsp;&nbsp; mm 770 870 Distancia entre puntos &nbsp;&nbsp;&nbsp;&nbsp;&nbsp;&nbsp;&nbsp;&nbsp;&nbsp;&nbsp;&nbsp;&nbsp; mm 1000\/1500\/2000\/3000\/4000 Peso m\u00e1x. pieza trabajo &nbsp;&nbsp;&nbsp;&nbsp;&nbsp;&nbsp;&nbsp;&nbsp;&nbsp;&nbsp;&nbsp;&nbsp;&nbsp;&nbsp; Kg 2.000 2.000 CARRO &nbsp; &nbsp; Anchura gu\u00edas de la bancada &nbsp;&nbsp;&nbsp;&nbsp;&nbsp;&nbsp;&nbsp;&nbsp;&nbsp;&nbsp;&nbsp;&nbsp; mm 405 405 Anchura gu\u00edas carro [&#8230;]<\/p>\n<p><a class=\"btn btn-primary understrap-read-more-link\" href=\"https:\/\/www.maquinariamarquez.com\/pt-pt\/home\/tornos-paralelos-cnc-2\/serie-m-bnc-550-650\/\">Veja detalhes<\/a><\/p>\n","protected":false},"author":6,"featured_media":25963,"parent":22818,"menu_order":274,"comment_status":"closed","ping_status":"closed","template":"page-templates\/template-page-maquina.php","meta":{"_acf_changed":false,"footnotes":""},"geolocalizacion":[402,67,66,68],"class_list":["post-22852","page","type-page","status-publish","has-post-thumbnail","hentry","geolocalizacion-chile","geolocalizacion-latino","geolocalizacion-portugal","geolocalizacion-europa"],"acf":[],"aioseo_notices":[],"_links":{"self":[{"href":"https:\/\/www.maquinariamarquez.com\/pt-pt\/wp-json\/wp\/v2\/pages\/22852","targetHints":{"allow":["GET"]}}],"collection":[{"href":"https:\/\/www.maquinariamarquez.com\/pt-pt\/wp-json\/wp\/v2\/pages"}],"about":[{"href":"https:\/\/www.maquinariamarquez.com\/pt-pt\/wp-json\/wp\/v2\/types\/page"}],"author":[{"embeddable":true,"href":"https:\/\/www.maquinariamarquez.com\/pt-pt\/wp-json\/wp\/v2\/users\/6"}],"replies":[{"embeddable":true,"href":"https:\/\/www.maquinariamarquez.com\/pt-pt\/wp-json\/wp\/v2\/comments?post=22852"}],"version-history":[{"count":34,"href":"https:\/\/www.maquinariamarquez.com\/pt-pt\/wp-json\/wp\/v2\/pages\/22852\/revisions"}],"predecessor-version":[{"id":25979,"href":"https:\/\/www.maquinariamarquez.com\/pt-pt\/wp-json\/wp\/v2\/pages\/22852\/revisions\/25979"}],"up":[{"embeddable":true,"href":"https:\/\/www.maquinariamarquez.com\/pt-pt\/wp-json\/wp\/v2\/pages\/22818"}],"wp:featuredmedia":[{"embeddable":true,"href":"https:\/\/www.maquinariamarquez.com\/pt-pt\/wp-json\/wp\/v2\/media\/25963"}],"wp:attachment":[{"href":"https:\/\/www.maquinariamarquez.com\/pt-pt\/wp-json\/wp\/v2\/media?parent=22852"}],"wp:term":[{"taxonomy":"geolocalizacion","embeddable":true,"href":"https:\/\/www.maquinariamarquez.com\/pt-pt\/wp-json\/wp\/v2\/geolocalizacion?post=22852"}],"curies":[{"name":"wp","href":"https:\/\/api.w.org\/{rel}","templated":true}]}}