{"id":22879,"date":"2022-06-07T11:07:07","date_gmt":"2022-06-07T09:07:07","guid":{"rendered":"https:\/\/www.maquinariamarquez.com\/?page_id=22879"},"modified":"2022-07-22T12:37:04","modified_gmt":"2022-07-22T10:37:04","slug":"serie-l-bnc-710-760-890-1020","status":"publish","type":"page","link":"https:\/\/www.maquinariamarquez.com\/pt-pt\/home\/tornos-paralelos-cnc-2\/serie-l-bnc-710-760-890-1020\/","title":{"rendered":"Serie L. BNC 710-760-890-1020"},"content":{"rendered":"<table width=\"716\">\n<tbody>\n<tr>\n<td colspan=\"6\" width=\"243\">\n<h2>Comparativa Tornos CNC modelos Serie L<\/h2>\n<\/td>\n<td colspan=\"3\" width=\"145\">\n<p style=\"text-align: center;\"><strong>BNC 710<\/strong><\/p>\n<\/td>\n<td style=\"text-align: center;\" width=\"109\"><strong>BNC 760<\/strong><\/td>\n<td style=\"text-align: center;\" colspan=\"4\" width=\"109\"><strong>BNC 890<\/strong><\/td>\n<td width=\"110\">\n<p style=\"text-align: center;\"><strong>BNC 1020<\/strong><\/p>\n<\/td>\n<\/tr>\n<tr>\n<td colspan=\"15\" width=\"716\"><strong>CAPACIDAD<\/strong><\/td>\n<\/tr>\n<tr>\n<td colspan=\"4\" width=\"186\">Di\u00e1metro sobre bancada<\/td>\n<td colspan=\"2\" width=\"57\">\n<p style=\"text-align: center;\">mm<\/p>\n<\/td>\n<td style=\"text-align: center;\" colspan=\"3\" width=\"145\">710<\/td>\n<td style=\"text-align: center;\" width=\"109\">760<\/td>\n<td style=\"text-align: center;\" colspan=\"4\" width=\"109\">890<\/td>\n<td width=\"110\">\n<p style=\"text-align: center;\">1020<\/p>\n<\/td>\n<\/tr>\n<tr>\n<td colspan=\"2\" rowspan=\"2\" width=\"123\">Di\u00e1metro sobre carro<\/td>\n<td colspan=\"2\" width=\"63\">\n<p style=\"text-align: center;\">BCN<\/p>\n<\/td>\n<td style=\"text-align: center;\" colspan=\"2\" width=\"57\">mm<\/td>\n<td style=\"text-align: center;\" colspan=\"3\" width=\"145\">370<\/td>\n<td style=\"text-align: center;\" width=\"109\">420<\/td>\n<td style=\"text-align: center;\" colspan=\"4\" width=\"109\">550<\/td>\n<td width=\"110\">\n<p style=\"text-align: center;\">680<\/p>\n<\/td>\n<\/tr>\n<tr>\n<td colspan=\"2\" width=\"63\">\n<p style=\"text-align: center;\">HV<\/p>\n<\/td>\n<td style=\"text-align: center;\" colspan=\"2\" width=\"57\">mm<\/td>\n<td style=\"text-align: center;\" colspan=\"3\" width=\"145\">340<\/td>\n<td style=\"text-align: center;\" width=\"109\">390<\/td>\n<td style=\"text-align: center;\" colspan=\"4\" width=\"109\">520<\/td>\n<td width=\"110\">\n<p style=\"text-align: center;\">650<\/p>\n<\/td>\n<\/tr>\n<tr>\n<td colspan=\"4\" width=\"186\">Di\u00e1metro sobre escote<\/td>\n<td colspan=\"2\" width=\"57\">\n<p style=\"text-align: center;\">mm<\/p>\n<\/td>\n<td style=\"text-align: center;\" colspan=\"3\" width=\"145\">970<\/td>\n<td style=\"text-align: center;\" width=\"109\">1020<\/td>\n<td style=\"text-align: center;\" colspan=\"4\" width=\"109\">1150<\/td>\n<td width=\"110\">\n<p style=\"text-align: center;\">1280<\/p>\n<\/td>\n<\/tr>\n<tr>\n<td colspan=\"4\" width=\"186\">&nbsp;<\/td>\n<td colspan=\"2\" width=\"57\">&nbsp;<\/td>\n<td colspan=\"3\" width=\"145\">&nbsp;<\/td>\n<td width=\"109\">&nbsp;<\/td>\n<td colspan=\"4\" width=\"109\">&nbsp;<\/td>\n<td width=\"110\">&nbsp;<\/td>\n<\/tr>\n<tr>\n<td colspan=\"4\" width=\"186\">Distancia entre puntos<\/td>\n<td colspan=\"2\" width=\"57\">\n<p style=\"text-align: center;\">mm<\/p>\n<\/td>\n<td colspan=\"9\" width=\"473\">\n<p style=\"text-align: center;\">1000\/2000\/3000\/4000\/5000\/6000<\/p>\n<\/td>\n<\/tr>\n<tr>\n<td colspan=\"4\" width=\"186\">Peso m\u00e1x. pieza de trabajo (con contrapunto)<\/td>\n<td colspan=\"2\" width=\"57\">\n<p style=\"text-align: center;\">Kg<\/p>\n<\/td>\n<td colspan=\"9\" width=\"473\">\n<p style=\"text-align: center;\">3000<\/p>\n<\/td>\n<\/tr>\n<tr>\n<td colspan=\"15\" width=\"716\"><strong>CARRO<\/strong><\/td>\n<\/tr>\n<tr>\n<td colspan=\"4\" width=\"186\">Anchura gu\u00edas bancada<\/td>\n<td colspan=\"2\" width=\"57\">\n<p style=\"text-align: center;\">mm<\/p>\n<\/td>\n<td colspan=\"9\" width=\"473\">\n<p style=\"text-align: center;\">560<\/p>\n<\/td>\n<\/tr>\n<tr>\n<td colspan=\"4\" width=\"186\">Anchura gu\u00edas carro transv.<\/td>\n<td colspan=\"2\" width=\"57\">\n<p style=\"text-align: center;\">mm<\/p>\n<\/td>\n<td colspan=\"9\" width=\"473\">\n<p style=\"text-align: center;\">300<\/p>\n<\/td>\n<\/tr>\n<tr>\n<td colspan=\"15\" width=\"716\"><strong>RECORRIDO<\/strong><\/td>\n<\/tr>\n<tr>\n<td colspan=\"4\" width=\"186\">Eje X<\/td>\n<td colspan=\"2\" width=\"57\">&nbsp;<\/td>\n<td colspan=\"3\" width=\"145\">\n<p style=\"text-align: center;\">425<\/p>\n<\/td>\n<td style=\"text-align: center;\" colspan=\"3\" width=\"215\">455<\/td>\n<td colspan=\"3\" width=\"113\">\n<p style=\"text-align: center;\">535<\/p>\n<\/td>\n<\/tr>\n<tr>\n<td colspan=\"4\" rowspan=\"2\" width=\"186\">Eje Z<\/td>\n<td colspan=\"2\" width=\"57\">\n<p style=\"text-align: center;\">BCN<\/p>\n<\/td>\n<td style=\"text-align: center;\" colspan=\"3\" width=\"145\">1200\/2200\/3050\/<\/p>\n<p>4050\/5050\/6050<\/td>\n<td colspan=\"6\" width=\"328\">\n<p style=\"text-align: center;\">1200\/2200\/4200\/5200\/6200<\/p>\n<\/td>\n<\/tr>\n<tr>\n<td colspan=\"2\" width=\"57\">\n<p style=\"text-align: center;\">HV<\/p>\n<\/td>\n<td colspan=\"9\" width=\"473\">\n<p style=\"text-align: center;\">3050\/4050\/5050\/6050<\/p>\n<\/td>\n<\/tr>\n<tr>\n<td colspan=\"15\" width=\"716\"><strong>HUSILLO<\/strong><\/td>\n<\/tr>\n<tr>\n<td colspan=\"4\" rowspan=\"6\" width=\"186\">\u00d8 ca\u00f1a del husillo \/ nariz del husillo \/ rpm<\/td>\n<td colspan=\"3\" width=\"60\">\n<p style=\"text-align: center;\">\u00d8<\/p>\n<\/td>\n<td style=\"text-align: center;\" width=\"73\">Rpm<\/td>\n<td style=\"text-align: center;\" width=\"68\">Nariz<\/td>\n<td style=\"text-align: center;\" colspan=\"2\" width=\"149\">Rpm<\/td>\n<td colspan=\"4\" width=\"180\">\n<p style=\"text-align: center;\">Nariz husillo<\/p>\n<\/td>\n<\/tr>\n<tr>\n<td colspan=\"3\" width=\"60\">\n<p style=\"text-align: center;\">106<\/p>\n<\/td>\n<td style=\"text-align: center;\" width=\"73\">&nbsp;<\/td>\n<td style=\"text-align: center;\" width=\"68\">&#8211;<\/td>\n<td style=\"text-align: center;\" colspan=\"2\" width=\"149\"><strong>15-1480<\/strong><\/td>\n<td colspan=\"4\" width=\"180\">\n<p style=\"text-align: center;\"><strong>A1-11 <\/strong><\/p>\n<\/td>\n<\/tr>\n<tr>\n<td colspan=\"3\" width=\"60\">\n<p style=\"text-align: center;\">153<\/p>\n<\/td>\n<td style=\"text-align: center;\" width=\"73\"><strong>15-1480<\/strong><\/td>\n<td style=\"text-align: center;\" width=\"68\"><strong>A2-11 <\/strong><\/td>\n<td style=\"text-align: center;\" colspan=\"2\" width=\"149\">15-1480<\/td>\n<td colspan=\"4\" width=\"180\">\n<p style=\"text-align: center;\">A2-11<\/p>\n<\/td>\n<\/tr>\n<tr>\n<td colspan=\"3\" width=\"60\">\n<p style=\"text-align: center;\">230<\/p>\n<\/td>\n<td style=\"text-align: center;\" width=\"73\">&nbsp;<\/td>\n<td style=\"text-align: center;\" width=\"68\">&#8211;<\/td>\n<td style=\"text-align: center;\" colspan=\"2\" width=\"149\">10-750<\/td>\n<td colspan=\"4\" width=\"180\">\n<p style=\"text-align: center;\">A2-15<\/p>\n<\/td>\n<\/tr>\n<tr>\n<td colspan=\"3\" width=\"60\">\n<p style=\"text-align: center;\">254<\/p>\n<\/td>\n<td style=\"text-align: center;\" width=\"73\">&nbsp;<\/td>\n<td style=\"text-align: center;\" width=\"68\">&#8211;<\/td>\n<td style=\"text-align: center;\" colspan=\"2\" width=\"149\">10-750<\/td>\n<td colspan=\"4\" width=\"180\">\n<p style=\"text-align: center;\">A2-15<\/p>\n<\/td>\n<\/tr>\n<tr>\n<td colspan=\"3\" width=\"60\">\n<p style=\"text-align: center;\">305<\/p>\n<\/td>\n<td style=\"text-align: center;\" width=\"73\">&nbsp;<\/td>\n<td style=\"text-align: center;\" width=\"68\">&#8211;<\/td>\n<td style=\"text-align: center;\" colspan=\"2\" width=\"149\">10-500<\/td>\n<td colspan=\"4\" width=\"180\">\n<p style=\"text-align: center;\">A2-20<\/p>\n<\/td>\n<\/tr>\n<tr>\n<td colspan=\"4\" width=\"186\">Potencia del motor<\/td>\n<td colspan=\"3\" width=\"60\">\n<p style=\"text-align: center;\">Kw<\/p>\n<\/td>\n<td style=\"text-align: center;\" colspan=\"2\" width=\"142\"><strong>15\/22<\/strong> (22\/30)<\/td>\n<td colspan=\"6\" width=\"328\">\n<p style=\"text-align: center;\">22\/33<\/p>\n<\/td>\n<\/tr>\n<tr>\n<td colspan=\"4\" width=\"186\">Par<\/td>\n<td colspan=\"3\" width=\"60\">\n<p style=\"text-align: center;\">Nm<\/p>\n<\/td>\n<td style=\"text-align: center;\" colspan=\"2\" width=\"142\">1.726<\/td>\n<td colspan=\"6\" width=\"328\">\n<p style=\"text-align: center;\">4.022<\/p>\n<\/td>\n<\/tr>\n<tr>\n<td colspan=\"15\" width=\"716\"><strong>TORRETA<\/strong><\/td>\n<\/tr>\n<tr>\n<td colspan=\"4\" width=\"186\">Giro Autom\u00e1tico<\/td>\n<td colspan=\"3\" width=\"60\">\n<p style=\"text-align: center;\">\n<\/td>\n<td colspan=\"8\" width=\"470\">\n<p style=\"text-align: center;\">Barrufaldi TB 200 VDI 50\/8<\/p>\n<\/td>\n<\/tr>\n<tr>\n<td colspan=\"4\" width=\"186\">N\u00famero de posiciones<\/td>\n<td colspan=\"3\" width=\"60\">\n<p style=\"text-align: center;\">\n<\/td>\n<td colspan=\"8\" width=\"470\">\n<p style=\"text-align: center;\">8<\/p>\n<\/td>\n<\/tr>\n<tr>\n<td colspan=\"4\" width=\"186\">Cono del husillo<\/td>\n<td colspan=\"3\" width=\"60\">\n<p style=\"text-align: center;\">mm<\/p>\n<\/td>\n<td colspan=\"8\" width=\"470\">\n<p style=\"text-align: center;\">50<\/p>\n<\/td>\n<\/tr>\n<tr>\n<td colspan=\"15\" width=\"716\"><strong>CONTRAPUNTO<\/strong><\/td>\n<\/tr>\n<tr>\n<td colspan=\"4\" width=\"186\">Salida de la ca\u00f1a<\/td>\n<td colspan=\"3\" width=\"60\">\n<p style=\"text-align: center;\">mm<\/p>\n<\/td>\n<td colspan=\"8\" width=\"470\">\n<p style=\"text-align: center;\">200<\/p>\n<\/td>\n<\/tr>\n<tr>\n<td colspan=\"4\" width=\"186\">Diametro de la ca\u00f1a<\/td>\n<td colspan=\"3\" width=\"60\">\n<p style=\"text-align: center;\">mm<\/p>\n<\/td>\n<td colspan=\"8\" width=\"470\">\n<p style=\"text-align: center;\">125<\/p>\n<\/td>\n<\/tr>\n<tr>\n<td colspan=\"4\" width=\"186\">Cono interior<\/td>\n<td colspan=\"3\" width=\"60\">\n<p style=\"text-align: center;\">MT<\/p>\n<\/td>\n<td colspan=\"8\" width=\"470\">\n<p style=\"text-align: center;\">6<\/p>\n<\/td>\n<\/tr>\n<tr>\n<td colspan=\"15\" width=\"716\"><strong>GAMA DE AVANCES<\/strong><\/td>\n<\/tr>\n<tr>\n<td colspan=\"4\" width=\"186\">Avances r\u00e1pidos eje X<\/td>\n<td colspan=\"3\" width=\"60\">\n<p style=\"text-align: center;\">m\/min<\/p>\n<\/td>\n<td colspan=\"8\" width=\"470\">\n<p style=\"text-align: center;\">10<\/p>\n<\/td>\n<\/tr>\n<tr>\n<td colspan=\"4\" width=\"186\">Avances r\u00e1pidos eje Z<\/td>\n<td colspan=\"3\" width=\"60\">\n<p style=\"text-align: center;\">m\/min<\/p>\n<\/td>\n<td colspan=\"8\" width=\"470\">\n<p style=\"text-align: center;\">12<\/p>\n<\/td>\n<\/tr>\n<tr>\n<td colspan=\"4\" width=\"186\">Avances de trabajo<\/td>\n<td colspan=\"3\" width=\"60\">\n<p style=\"text-align: center;\">m\/min<\/p>\n<\/td>\n<td colspan=\"8\" width=\"470\">\n<p style=\"text-align: center;\">3<\/p>\n<\/td>\n<\/tr>\n<tr>\n<td colspan=\"15\" width=\"716\"><strong>PRECISI\u00d3N<\/strong><\/td>\n<\/tr>\n<tr>\n<td colspan=\"3\" width=\"182\">De Posicionamiento<\/td>\n<td colspan=\"2\" width=\"57\">\n<p style=\"text-align: center;\">mm<\/p>\n<\/td>\n<td style=\"text-align: center;\" colspan=\"4\" width=\"148\">0.0075<\/td>\n<td colspan=\"6\" width=\"328\">\n<p style=\"text-align: center;\">0.015<\/p>\n<\/td>\n<\/tr>\n<tr>\n<td colspan=\"3\" width=\"182\">De Repetici\u00f3n<\/td>\n<td colspan=\"2\" width=\"57\">\n<p style=\"text-align: center;\">mm<\/p>\n<\/td>\n<td style=\"text-align: center;\" colspan=\"4\" width=\"148\">0.005<\/td>\n<td colspan=\"6\" width=\"328\">\n<p style=\"text-align: center;\">0.01<\/p>\n<\/td>\n<\/tr>\n<tr>\n<td colspan=\"15\" width=\"716\"><strong>DIMENSIONES<\/strong><\/td>\n<\/tr>\n<tr>\n<td colspan=\"3\" width=\"182\">Largo<\/td>\n<td colspan=\"2\" width=\"57\">\n<p style=\"text-align: center;\">mm<\/p>\n<\/td>\n<td colspan=\"10\" width=\"477\">\n<p style=\"text-align: center;\">3900\/4900\/5900\/6900\/7900\/8900<\/p>\n<\/td>\n<\/tr>\n<tr>\n<td colspan=\"3\" width=\"182\">Ancho<\/td>\n<td colspan=\"2\" width=\"57\">\n<p style=\"text-align: center;\">mm<\/p>\n<\/td>\n<td style=\"text-align: center;\" colspan=\"8\" width=\"366\">2630<\/td>\n<td colspan=\"2\" width=\"111\">\n<p style=\"text-align: center;\">2800<\/p>\n<\/td>\n<\/tr>\n<tr>\n<td colspan=\"3\" width=\"182\">Alto<\/td>\n<td colspan=\"2\" width=\"57\">\n<p style=\"text-align: center;\">mm<\/p>\n<\/td>\n<td style=\"text-align: center;\" colspan=\"4\" width=\"148\">2170<\/td>\n<td style=\"text-align: center;\" colspan=\"4\" width=\"217\">2220<\/td>\n<td colspan=\"2\" width=\"111\">\n<p style=\"text-align: center;\">2285<\/p>\n<\/td>\n<\/tr>\n<tr>\n<td rowspan=\"6\" width=\"91\">Peso (maquina con patas)<\/td>\n<td colspan=\"2\" width=\"91\">\n<p style=\"text-align: center;\">1.000 mm<\/p>\n<\/td>\n<td style=\"text-align: center;\" colspan=\"2\" rowspan=\"6\" width=\"57\">Kg<\/td>\n<td style=\"text-align: center;\" colspan=\"4\" width=\"148\">6000<\/td>\n<td style=\"text-align: center;\" width=\"109\">&#8211;<\/td>\n<td style=\"text-align: center;\" colspan=\"3\" width=\"108\">&#8211;<\/td>\n<td colspan=\"2\" width=\"111\">\n<p style=\"text-align: center;\">&#8211;<\/p>\n<\/td>\n<\/tr>\n<tr>\n<td colspan=\"2\" width=\"91\">\n<p style=\"text-align: center;\">2.000 mm<\/p>\n<\/td>\n<td style=\"text-align: center;\" colspan=\"4\" width=\"148\">7000<\/td>\n<td style=\"text-align: center;\" width=\"109\">10000<\/td>\n<td style=\"text-align: center;\" colspan=\"3\" width=\"108\">10500<\/td>\n<td colspan=\"2\" width=\"111\">\n<p style=\"text-align: center;\">11000<\/p>\n<\/td>\n<\/tr>\n<tr>\n<td colspan=\"2\" width=\"91\">\n<p style=\"text-align: center;\">3.000 mm<\/p>\n<\/td>\n<td style=\"text-align: center;\" colspan=\"4\" width=\"148\">8200<\/td>\n<td style=\"text-align: center;\" width=\"109\">11000<\/td>\n<td style=\"text-align: center;\" colspan=\"3\" width=\"108\">11500<\/td>\n<td colspan=\"2\" width=\"111\">\n<p style=\"text-align: center;\">12000<\/p>\n<\/td>\n<\/tr>\n<tr>\n<td colspan=\"2\" width=\"91\">\n<p style=\"text-align: center;\">4.000 mm<\/p>\n<\/td>\n<td style=\"text-align: center;\" colspan=\"4\" width=\"148\">9400<\/td>\n<td style=\"text-align: center;\" width=\"109\">12000<\/td>\n<td style=\"text-align: center;\" colspan=\"3\" width=\"108\">12500<\/td>\n<td colspan=\"2\" width=\"111\">\n<p style=\"text-align: center;\">13000<\/p>\n<\/td>\n<\/tr>\n<tr>\n<td colspan=\"2\" width=\"91\">\n<p style=\"text-align: center;\">5.000 mm<\/p>\n<\/td>\n<td style=\"text-align: center;\" colspan=\"4\" width=\"148\">10600<\/td>\n<td style=\"text-align: center;\" width=\"109\">13000<\/td>\n<td style=\"text-align: center;\" colspan=\"3\" width=\"108\">13500<\/td>\n<td colspan=\"2\" width=\"111\">\n<p style=\"text-align: center;\">14000<\/p>\n<\/td>\n<\/tr>\n<tr>\n<td colspan=\"2\" width=\"91\">\n<p style=\"text-align: center;\">6.000 mm<\/p>\n<\/td>\n<td style=\"text-align: center;\" colspan=\"4\" width=\"148\">11800<\/td>\n<td style=\"text-align: center;\" width=\"109\">14000<\/td>\n<td style=\"text-align: center;\" colspan=\"3\" width=\"108\">14500<\/td>\n<td colspan=\"2\" width=\"111\">\n<p style=\"text-align: center;\">15000<\/p>\n<\/td>\n<\/tr>\n<\/tbody>\n<\/table>\n<h3>C\u00f3modo funcionamiento y protecci\u00f3n segura<\/h3>\n<p>El panel de control frontal de la m\u00e1quina y el monitor con la ubicaci\u00f3n ideal permiten al operario trabajar c\u00f3modamente.&nbsp; El panel de control es m\u00f3vil y la distancia del monitor al suelo es de 155 cm que es un dise\u00f1o ergon\u00f3mico.<\/p>\n<p>En el mismo se coloca el volante MPG port\u00e1til con bot\u00f3n de parada de emergencia que permite al operario trabajar en cualquier posici\u00f3n delante de la m\u00e1quina.<\/p>\n<p>En la versi\u00f3n est\u00e1ndar se coloca una sola puerta que se puede anclar al carro para que se mueva solidariamente y desanclar para facilitar los procesos de carga de las piezas a mecanizar.<\/p>\n<p>En los modelos de patas se puede solicitar un carenado integral con m\u00faltiples puertas, con opci\u00f3n al cierre trasero por el lado del contrapunto.<\/p>\n<p>Las virutas y taladrinas se recogen en un sistema de bandejas entre las patas o en los dep\u00f3sitos del transportador de virutas colocado en la parte trasera del torno. En la bancada de patas en la parte delantera se coloca un transportador de virutas tipo sinf\u00edn que tambi\u00e9n recoge el l\u00edquido refrigerante.<\/p>\n<h3>Caja de cambios<\/h3>\n<p>En la parte trasera inferior del torno se encuentra el cambio de gamas, que consta de un accionamiento neum\u00e1tico controlado por el CNC que cambia entre las 2 gamas disponibles de modo autom\u00e1tico, permitiendo la velocidad de corte constante (CCS).<\/p>\n<p>La transmisi\u00f3n mediante correas al cabezal en lugar de las transmisiones mec\u00e1nicas garantiza un corte suave y continuo.<\/p>\n<h3>Eje C<\/h3>\n<p>La parada del cabezal puede ser orientada mediante una funci\u00f3n M, o completamente controlada mediante un encoder de alta precisi\u00f3n y un sistema de frenado hidroneum\u00e1tico que amarra el plato en las operaciones de fresado.&nbsp; El posicionamiento se realiza mediante el motor principal que tambi\u00e9n tiene un encoder con precisi\u00f3n incrementada.<\/p>\n<h3>Motor Principal<\/h3>\n<p>El torno en su versi\u00f3n est\u00e1ndar equipa un motor de cabezal FAGOR FM7 -A220 de 22\/33 Kw, obteniendo un alto par que variar\u00e1 en funci\u00f3n de di\u00e1metro de ca\u00f1a elegido en el cabezal.<\/p>\n<h3>Estructura<\/h3>\n<p>El cuerpo del torno es de fundici\u00f3n gris tipo MEEHANITE con dureza HB170~180 y estabilizaci\u00f3n t\u00e9rmica que elimina las tensiones residuales de la fundici\u00f3n. La bancada est\u00e1 endurecidas al nivel HRC48-52 mediante tratamiento t\u00e9rmico, para garantizar una larga duraci\u00f3n y vida \u00fatil del torno.<\/p>\n<p>El modelo est\u00e1ndar est\u00e1 basado en una estructura de bancada soportada por bases de apoyo (patas), mientras que para aumentar la resistencia del torno se puede ofrecer una bancada de una sola pieza en la longitud de 3 y 4 metros.<\/p>\n<p>La bancada tiene 560 mm de ancho, y el carro transversal 300 mm, siendo las gu\u00edas planas en los modelos de patas y con la gu\u00eda delantera en V y trasera plana en el modelo de bancada de una sola pieza. El eje transversal est\u00e1 especialmente prolongado de tal modo que podemos utilizar accesorios adicionales como una segunda torreta, dispositivos de mandrinado, o cabezales rectificadores.<\/p>\n","protected":false},"excerpt":{"rendered":"<p>Comparativa Tornos CNC modelos Serie L BNC 710 BNC 760 BNC 890 BNC 1020 CAPACIDAD Di\u00e1metro sobre bancada mm 710 760 890 1020 Di\u00e1metro sobre carro BCN mm 370 420 550 680 HV mm 340 390 520 650 Di\u00e1metro sobre escote mm 970 1020 1150 1280 &nbsp; &nbsp; &nbsp; &nbsp; &nbsp; &nbsp; Distancia entre puntos [&#8230;]<\/p>\n<p><a class=\"btn btn-primary understrap-read-more-link\" href=\"https:\/\/www.maquinariamarquez.com\/pt-pt\/home\/tornos-paralelos-cnc-2\/serie-l-bnc-710-760-890-1020\/\">Veja detalhes<\/a><\/p>\n","protected":false},"author":6,"featured_media":22863,"parent":22818,"menu_order":477,"comment_status":"closed","ping_status":"closed","template":"page-templates\/template-page-maquina.php","meta":{"_acf_changed":false,"footnotes":""},"geolocalizacion":[402,67,66,68],"class_list":["post-22879","page","type-page","status-publish","has-post-thumbnail","hentry","geolocalizacion-chile","geolocalizacion-latino","geolocalizacion-portugal","geolocalizacion-europa"],"acf":[],"aioseo_notices":[],"_links":{"self":[{"href":"https:\/\/www.maquinariamarquez.com\/pt-pt\/wp-json\/wp\/v2\/pages\/22879","targetHints":{"allow":["GET"]}}],"collection":[{"href":"https:\/\/www.maquinariamarquez.com\/pt-pt\/wp-json\/wp\/v2\/pages"}],"about":[{"href":"https:\/\/www.maquinariamarquez.com\/pt-pt\/wp-json\/wp\/v2\/types\/page"}],"author":[{"embeddable":true,"href":"https:\/\/www.maquinariamarquez.com\/pt-pt\/wp-json\/wp\/v2\/users\/6"}],"replies":[{"embeddable":true,"href":"https:\/\/www.maquinariamarquez.com\/pt-pt\/wp-json\/wp\/v2\/comments?post=22879"}],"version-history":[{"count":70,"href":"https:\/\/www.maquinariamarquez.com\/pt-pt\/wp-json\/wp\/v2\/pages\/22879\/revisions"}],"predecessor-version":[{"id":26043,"href":"https:\/\/www.maquinariamarquez.com\/pt-pt\/wp-json\/wp\/v2\/pages\/22879\/revisions\/26043"}],"up":[{"embeddable":true,"href":"https:\/\/www.maquinariamarquez.com\/pt-pt\/wp-json\/wp\/v2\/pages\/22818"}],"wp:featuredmedia":[{"embeddable":true,"href":"https:\/\/www.maquinariamarquez.com\/pt-pt\/wp-json\/wp\/v2\/media\/22863"}],"wp:attachment":[{"href":"https:\/\/www.maquinariamarquez.com\/pt-pt\/wp-json\/wp\/v2\/media?parent=22879"}],"wp:term":[{"taxonomy":"geolocalizacion","embeddable":true,"href":"https:\/\/www.maquinariamarquez.com\/pt-pt\/wp-json\/wp\/v2\/geolocalizacion?post=22879"}],"curies":[{"name":"wp","href":"https:\/\/api.w.org\/{rel}","templated":true}]}}