{"id":23931,"date":"2022-06-29T11:38:52","date_gmt":"2022-06-29T09:38:52","guid":{"rendered":"https:\/\/www.maquinariamarquez.com\/?page_id=23931"},"modified":"2025-12-11T13:27:50","modified_gmt":"2025-12-11T11:27:50","slug":"mte_milling_machines","status":"publish","type":"page","link":"https:\/\/www.maquinariamarquez.com\/pt-pt\/mte_milling_machines\/","title":{"rendered":"MTE, Fresadoras de Bancada Fija y Fresadoras de Columna M\u00f3vil"},"content":{"rendered":"\n<figure class=\"wp-block-image size-full is-resized\"><img alt=\"MTE, Fresadoras de Bancada Fija y Fresadoras de Columna M\u00f3vil\" loading=\"lazy\" decoding=\"async\" width=\"200\" height=\"200\" src=\"https:\/\/www.maquinariamarquez.com\/wp-content\/uploads\/2024\/09\/MTElogo.jpg\" alt=\"\" class=\"wp-image-45688\" style=\"width:148px;height:auto\"\/><\/figure>\n\n\n\n<div class=\"wp-block-columns is-layout-flex wp-container-core-columns-is-layout-9d6595d7 wp-block-columns-is-layout-flex\">\n<div class=\"wp-block-column is-layout-flow wp-block-column-is-layout-flow\"><div class=\"wp-block-image\">\n<figure class=\"aligncenter size-full is-resized\"><img loading=\"lazy\" decoding=\"async\" width=\"1662\" height=\"932\" src=\"https:\/\/www.maquinariamarquez.com\/wp-content\/uploads\/2022\/06\/MTE-fbfs-copia-blanco.jpg\" alt=\"MTE fresadoras columna movil\" class=\"wp-image-24025\" style=\"width:389px;height:auto\" srcset=\"https:\/\/www.maquinariamarquez.com\/wp-content\/uploads\/2022\/06\/MTE-fbfs-copia-blanco.jpg 1662w, https:\/\/www.maquinariamarquez.com\/wp-content\/uploads\/2022\/06\/MTE-fbfs-copia-blanco-300x168.jpg 300w, https:\/\/www.maquinariamarquez.com\/wp-content\/uploads\/2022\/06\/MTE-fbfs-copia-blanco-1024x574.jpg 1024w, https:\/\/www.maquinariamarquez.com\/wp-content\/uploads\/2022\/06\/MTE-fbfs-copia-blanco-768x431.jpg 768w, https:\/\/www.maquinariamarquez.com\/wp-content\/uploads\/2022\/06\/MTE-fbfs-copia-blanco-1536x861.jpg 1536w\" sizes=\"auto, (max-width: 1662px) 100vw, 1662px\" \/><\/figure>\n<\/div>\n\n\n<h2 class=\"wp-block-heading has-text-align-center has-blue-color has-text-color\"><a href=\"https:\/\/www.maquinariamarquez.com\/mte_milling_machines\/fresadoras-de-columna-movil-mte\/\" title=\"\">Fresadoras de Columna M\u00f3vil<\/a><\/h2>\n\n\n\n<div class=\"wp-block-buttons is-content-justification-center is-layout-flex wp-container-core-buttons-is-layout-16018d1d wp-block-buttons-is-layout-flex\">\n<div class=\"wp-block-button\"><a class=\"wp-block-button__link has-background wp-element-button\" href=\"https:\/\/www.maquinariamarquez.com\/mte_milling_machines\/fresadoras-de-columna-movil-mte\/\" style=\"background-color:#4586a6\"><strong>Ver m\u00e1s<\/strong><\/a><\/div>\n<\/div>\n<\/div>\n\n\n\n<div class=\"wp-block-column is-layout-flow wp-block-column-is-layout-flow\"><div class=\"wp-block-image\">\n<figure class=\"aligncenter size-full is-resized\"><img loading=\"lazy\" decoding=\"async\" width=\"1539\" height=\"1185\" src=\"https:\/\/www.maquinariamarquez.com\/wp-content\/uploads\/2022\/06\/MTE_bancaja-fija-bf-3200.jpg\" alt=\"MTE_bancaja fija bf 3200\" class=\"wp-image-23952\" style=\"aspect-ratio:1.6233766233766234;object-fit:contain;width:354px;height:auto\" srcset=\"https:\/\/www.maquinariamarquez.com\/wp-content\/uploads\/2022\/06\/MTE_bancaja-fija-bf-3200.jpg 1539w, https:\/\/www.maquinariamarquez.com\/wp-content\/uploads\/2022\/06\/MTE_bancaja-fija-bf-3200-300x231.jpg 300w, https:\/\/www.maquinariamarquez.com\/wp-content\/uploads\/2022\/06\/MTE_bancaja-fija-bf-3200-1024x788.jpg 1024w, https:\/\/www.maquinariamarquez.com\/wp-content\/uploads\/2022\/06\/MTE_bancaja-fija-bf-3200-768x591.jpg 768w, https:\/\/www.maquinariamarquez.com\/wp-content\/uploads\/2022\/06\/MTE_bancaja-fija-bf-3200-1536x1183.jpg 1536w\" sizes=\"auto, (max-width: 1539px) 100vw, 1539px\" \/><\/figure>\n<\/div>\n\n\n<h2 class=\"wp-block-heading has-text-align-center has-blue-color has-text-color\"><a href=\"https:\/\/www.maquinariamarquez.com\/mte_milling_machines\/fresadoras-bancada-fija-mte\/\" title=\"\">Fresadoras de Bancada Fija<\/a><\/h2>\n\n\n\n<div class=\"wp-block-buttons is-content-justification-center is-layout-flex wp-container-core-buttons-is-layout-16018d1d wp-block-buttons-is-layout-flex\">\n<div class=\"wp-block-button\"><a class=\"wp-block-button__link has-background wp-element-button\" href=\"https:\/\/www.maquinariamarquez.com\/mte_milling_machines\/fresadoras-bancada-fija-mte\/\" style=\"background-color:#4586a6\"><strong>Ver m\u00e1s<\/strong><\/a><\/div>\n<\/div>\n<\/div>\n<\/div>\n\n\n\n<p><span style=\"font-size: revert; font-weight: 300;\">La planta principal est\u00e1 ubicada en Itziar &#8211; Gipuzkoa, zona con gran tradici\u00f3n en el <\/span><strong style=\"font-size: revert;\">sector de la M\u00e1quina Herramienta<\/strong><span style=\"font-size: revert; font-weight: 300;\">. <\/span><\/p>\n\n\n\n<p><span style=\"font-size: revert; font-weight: 300;\"><strong>MTE dise\u00f1a y fabrica<\/strong> todos los componentes principales de sus m\u00e1quinas, desde las bancadas a los cabezales.<\/span><\/p>\n\n\n\n<p>Todas las piezas son fabricadas por empresas locales (\u00edntegramente fabricaci\u00f3n nacional), manteniendo una estrecha colaboraci\u00f3n con Fabricantes especializados en partes de fundido para la Industria nacional e Internacional de M\u00e1quina Herramienta. Con ello conseguimos partes de <strong>m\u00e1xima calidad<\/strong> aportando a nuestras m\u00e1quinas <strong>gran estabilidad y precisi\u00f3n.<\/strong><\/p>\n\n\n\n<p>En una planta de reciente construcci\u00f3n de 6.000 m2 se realiza todo el proceso, desde el mecanizado de piezas a el montaje final. Esto a\u00f1adido a la alta experiencia de nuestro operarios y su grado de compromiso con la empresa, nos han aportado 20 a\u00f1os de producci\u00f3n y montaje de primera calidad.<\/p>\n\n\n\n<p><strong>MTE dise\u00f1a y fabrica <\/strong>los diferentes cabezales para sus m\u00e1quinas. La combinaci\u00f3n entre<strong> Ingenier\u00eda Mec\u00e1nica tradicional <\/strong>junto con un proyecto de innovaci\u00f3n constante, know-how y alto grado de compromiso de nuestro personal, ha hecho de MTE un socio de reconocido prestigio internacional, tanto en fresadoras de Columna M\u00f3vil de grandes dimensiones y fresadoras de Bancada Fija.<\/p>\n\n\n\n<p>Su objetivo no es solo vender fresadoras, sino adaptarse a las necesidades de todos sus clientes antes y despu\u00e9s de la venta.<\/p>\n","protected":false},"excerpt":{"rendered":"<p>Fresadoras de Columna M\u00f3vil Fresadoras de Bancada Fija La planta principal est\u00e1 ubicada en Itziar &#8211; Gipuzkoa, zona con gran tradici\u00f3n en el sector de la M\u00e1quina Herramienta. MTE dise\u00f1a y fabrica todos los componentes principales de sus m\u00e1quinas, desde las bancadas a los cabezales. Todas las piezas son fabricadas por empresas locales (\u00edntegramente fabricaci\u00f3n [&#8230;]<\/p>\n<p><a class=\"btn btn-primary understrap-read-more-link\" href=\"https:\/\/www.maquinariamarquez.com\/pt-pt\/mte_milling_machines\/\">Leia mais<\/a><\/p>\n","protected":false},"author":6,"featured_media":45688,"parent":0,"menu_order":48,"comment_status":"closed","ping_status":"closed","template":"","meta":{"_acf_changed":false,"footnotes":""},"geolocalizacion":[402,67,68],"class_list":["post-23931","page","type-page","status-publish","has-post-thumbnail","hentry","geolocalizacion-chile","geolocalizacion-latino","geolocalizacion-europa"],"acf":[],"aioseo_notices":[],"_links":{"self":[{"href":"https:\/\/www.maquinariamarquez.com\/pt-pt\/wp-json\/wp\/v2\/pages\/23931","targetHints":{"allow":["GET"]}}],"collection":[{"href":"https:\/\/www.maquinariamarquez.com\/pt-pt\/wp-json\/wp\/v2\/pages"}],"about":[{"href":"https:\/\/www.maquinariamarquez.com\/pt-pt\/wp-json\/wp\/v2\/types\/page"}],"author":[{"embeddable":true,"href":"https:\/\/www.maquinariamarquez.com\/pt-pt\/wp-json\/wp\/v2\/users\/6"}],"replies":[{"embeddable":true,"href":"https:\/\/www.maquinariamarquez.com\/pt-pt\/wp-json\/wp\/v2\/comments?post=23931"}],"version-history":[{"count":23,"href":"https:\/\/www.maquinariamarquez.com\/pt-pt\/wp-json\/wp\/v2\/pages\/23931\/revisions"}],"predecessor-version":[{"id":55047,"href":"https:\/\/www.maquinariamarquez.com\/pt-pt\/wp-json\/wp\/v2\/pages\/23931\/revisions\/55047"}],"wp:featuredmedia":[{"embeddable":true,"href":"https:\/\/www.maquinariamarquez.com\/pt-pt\/wp-json\/wp\/v2\/media\/45688"}],"wp:attachment":[{"href":"https:\/\/www.maquinariamarquez.com\/pt-pt\/wp-json\/wp\/v2\/media?parent=23931"}],"wp:term":[{"taxonomy":"geolocalizacion","embeddable":true,"href":"https:\/\/www.maquinariamarquez.com\/pt-pt\/wp-json\/wp\/v2\/geolocalizacion?post=23931"}],"curies":[{"name":"wp","href":"https:\/\/api.w.org\/{rel}","templated":true}]}}