{"id":23950,"date":"2022-06-29T12:10:51","date_gmt":"2022-06-29T10:10:51","guid":{"rendered":"https:\/\/www.maquinariamarquez.com\/?page_id=23950"},"modified":"2024-09-26T09:23:03","modified_gmt":"2024-09-26T07:23:03","slug":"fresadoras-bancada-fija-mte","status":"publish","type":"page","link":"https:\/\/www.maquinariamarquez.com\/pt-pt\/mte_milling_machines\/fresadoras-bancada-fija-mte\/","title":{"rendered":"Fresadoras de Bancada Fija"},"content":{"rendered":"\n<h2 class=\"wp-block-heading\">Fresadoras de Bancada Fija MTE<\/h2>\n\n\n\n<p>Fresadoras de fabricaci\u00f3n Espa\u00f1ola de m\u00e1xima calidad. Hay dos tipos, con gu\u00edas lineales las series BT, KT Y RT; y con gu\u00edas prism\u00e1ticas o de fricci\u00f3n las series BF y K.<\/p>\n\n\n\n<div class=\"wp-block-columns is-layout-flex wp-container-core-columns-is-layout-9d6595d7 wp-block-columns-is-layout-flex\">\n<div class=\"wp-block-column is-layout-flow wp-block-column-is-layout-flow\">\n<figure class=\"wp-block-image size-full\"><img alt=\"Fresadoras de Bancada Fija\" loading=\"lazy\" decoding=\"async\" width=\"600\" height=\"374\" src=\"https:\/\/www.maquinariamarquez.com\/wp-content\/uploads\/2024\/09\/BT.jpg\" alt=\"\" class=\"wp-image-45980\" srcset=\"https:\/\/www.maquinariamarquez.com\/wp-content\/uploads\/2024\/09\/BT.jpg 600w, https:\/\/www.maquinariamarquez.com\/wp-content\/uploads\/2024\/09\/BT-300x187.jpg 300w\" sizes=\"auto, (max-width: 600px) 100vw, 600px\" \/><\/figure>\n\n\n\n<h3 class=\"wp-block-heading\"><h3>BT modelos 2200, 3200, 4200 y 5200<\/h3><\/h3>\n\n\n\n<p>La serie BT es una fresadora de alta estabilidad y precisi\u00f3n, debido al gran peso de maquina con piezas de fundido con dise\u00f1o estructurado, uso de gu\u00edas INA y su t\u00edpica caja de cambios MTE refrigerada y con tres gamas de velocidades.<\/p>\n<\/div>\n\n\n\n<div class=\"wp-block-column is-layout-flow wp-block-column-is-layout-flow\">\n<figure class=\"wp-block-image size-full\"><img alt=\"Fresadoras de Bancada Fija\" loading=\"lazy\" decoding=\"async\" width=\"600\" height=\"374\" src=\"https:\/\/www.maquinariamarquez.com\/wp-content\/uploads\/2024\/09\/KT.jpg\" alt=\"\" class=\"wp-image-45986\" srcset=\"https:\/\/www.maquinariamarquez.com\/wp-content\/uploads\/2024\/09\/KT.jpg 600w, https:\/\/www.maquinariamarquez.com\/wp-content\/uploads\/2024\/09\/KT-300x187.jpg 300w\" sizes=\"auto, (max-width: 600px) 100vw, 600px\" \/><\/figure>\n\n\n\n<h3 class=\"wp-block-heading\"><h3>KT modelos 3200, 4200 y 5200<\/h3><\/h3>\n\n\n\n<p>La serie KT es la hermana mayor de la serie BT. Comparte los mismos atributos y ventajas, pero considerablemente mayor. Esta serie de mayor dimensionado fue necesaria para conseguir un recorrido transversal de carnero mayo hasta 1.500 mm con mayores motores a constante estabilidad.<\/p>\n<\/div>\n<\/div>\n\n\n\n<div class=\"wp-block-columns is-layout-flex wp-container-core-columns-is-layout-9d6595d7 wp-block-columns-is-layout-flex\">\n<div class=\"wp-block-column is-layout-flow wp-block-column-is-layout-flow\">\n<figure class=\"wp-block-image size-full\"><img alt=\"Fresadoras de Bancada Fija\" loading=\"lazy\" decoding=\"async\" width=\"600\" height=\"374\" src=\"https:\/\/www.maquinariamarquez.com\/wp-content\/uploads\/2024\/09\/RT.jpg\" alt=\"\" class=\"wp-image-45989\" srcset=\"https:\/\/www.maquinariamarquez.com\/wp-content\/uploads\/2024\/09\/RT.jpg 600w, https:\/\/www.maquinariamarquez.com\/wp-content\/uploads\/2024\/09\/RT-300x187.jpg 300w\" sizes=\"auto, (max-width: 600px) 100vw, 600px\" \/><\/figure>\n\n\n\n<h3 class=\"wp-block-heading\"><h3>RT Modelos 200, 2500 y 3000<\/h3><\/h3>\n\n\n\n<p>Gu\u00edas lineales y mesa giratoria integrada. Las fresadoras RT de banda fija unifica todas las ventajas de la tradicional mesa de mandrinado con los de una fresadora. La combinaci\u00f3n de un altamente estable divisor NC junto con un cabezal de giro hace posible mecanizar piezas complejas en cinco caras y todos los \u00e1ngulos posibles en una sola atada.<\/p>\n<\/div>\n\n\n\n<div class=\"wp-block-column is-layout-flow wp-block-column-is-layout-flow\">\n<figure class=\"wp-block-image size-full\"><img alt=\"Fresadoras de Bancada Fija\" loading=\"lazy\" decoding=\"async\" width=\"600\" height=\"374\" src=\"https:\/\/www.maquinariamarquez.com\/wp-content\/uploads\/2024\/09\/K.jpg\" alt=\"\" class=\"wp-image-45983\" srcset=\"https:\/\/www.maquinariamarquez.com\/wp-content\/uploads\/2024\/09\/K.jpg 600w, https:\/\/www.maquinariamarquez.com\/wp-content\/uploads\/2024\/09\/K-300x187.jpg 300w\" sizes=\"auto, (max-width: 600px) 100vw, 600px\" \/><\/figure>\n\n\n\n<h3 class=\"wp-block-heading\"><h3>K modelos 2200, 2700 y 3200<\/h3><\/h3>\n\n\n\n<p>La series K es el modelo m\u00e1s peque\u00f1o de la gama MTE. Dirigido principalmente al fabricante de herramientas y al mecanizado general de piezas de tama\u00f1a medios. Estos modelos pueden incorporar cabezales manuales o autom\u00e1ticos, con cambiador autom\u00e1tico de herramientas o no, con carenados simples o totalmente cerrados. Podemos construir la m\u00e1quina adaptada a sus necesidades.<\/p>\n<\/div>\n<\/div>\n\n\n\n<div class=\"wp-block-columns is-layout-flex wp-container-core-columns-is-layout-9d6595d7 wp-block-columns-is-layout-flex\">\n<div class=\"wp-block-column is-layout-flow wp-block-column-is-layout-flow\">\n<figure class=\"wp-block-image size-full\"><img alt=\"Fresadoras de Bancada Fija\" loading=\"lazy\" decoding=\"async\" width=\"600\" height=\"374\" src=\"https:\/\/www.maquinariamarquez.com\/wp-content\/uploads\/2024\/09\/BF.jpg\" alt=\"\" class=\"wp-image-45977\" srcset=\"https:\/\/www.maquinariamarquez.com\/wp-content\/uploads\/2024\/09\/BF.jpg 600w, https:\/\/www.maquinariamarquez.com\/wp-content\/uploads\/2024\/09\/BF-300x187.jpg 300w\" sizes=\"auto, (max-width: 600px) 100vw, 600px\" \/><\/figure>\n\n\n\n<h3 class=\"wp-block-heading\"><h3>BF modelos 2200, 3200, 4200 y 5200<\/h3><\/h3>\n\n\n\n<p>La serie BF se adapta a todo tipo de aplicaciones. Especialmente dirigida al fresado con gran demanda de par, fabricaci\u00f3n de moldes y mecanizado en general, se ha demostrado su alta eficiencia tambi\u00e9n en piezas de soldadura de estructura ligera. Para abarcar todas estas aplicaciones la Serie BF ofrece gu\u00edas telesc\u00f3picas de grandes dimensiones, resultando una m\u00e1quina de gran estabilidad y precisi\u00f3n<\/p>\n<\/div>\n\n\n\n<div class=\"wp-block-column has-background is-layout-flow wp-block-column-is-layout-flow\" style=\"background-color:#4586a6\">\n<figure class=\"wp-block-image size-full\"><img alt=\"Fresadoras de Bancada Fija\" loading=\"lazy\" decoding=\"async\" width=\"600\" height=\"374\" src=\"https:\/\/www.maquinariamarquez.com\/wp-content\/uploads\/2024\/09\/MTE.jpg\" alt=\"\" class=\"wp-image-45998\" srcset=\"https:\/\/www.maquinariamarquez.com\/wp-content\/uploads\/2024\/09\/MTE.jpg 600w, https:\/\/www.maquinariamarquez.com\/wp-content\/uploads\/2024\/09\/MTE-300x187.jpg 300w\" sizes=\"auto, (max-width: 600px) 100vw, 600px\" \/><\/figure>\n\n\n\n<p class=\"has-text-align-center has-white-color has-text-color has-link-color wp-elements-45483d2e65b567d89be9861482b5592f\" style=\"font-size:27px\"><strong>\u00bfQuiere m\u00e1s informaci\u00f3n?<\/strong><br><strong>Contacte con nosotros<\/strong><\/p>\n\n\n\n<div class=\"wp-block-buttons is-content-justification-center is-layout-flex wp-container-core-buttons-is-layout-16018d1d wp-block-buttons-is-layout-flex\">\n<div class=\"wp-block-button has-custom-width wp-block-button__width-50 has-custom-font-size\" style=\"font-size:14px\"><a class=\"wp-block-button__link has-gray-dark-color has-white-background-color has-text-color has-background has-link-color has-text-align-center wp-element-button\" href=\"https:\/\/www.maquinariamarquez.com\/contacto\/\"><strong>Hablemos<\/strong><\/a><\/div>\n<\/div>\n<\/div>\n<\/div>\n","protected":false},"excerpt":{"rendered":"<p>Fresadoras de Bancada Fija MTE Fresadoras de fabricaci\u00f3n Espa\u00f1ola de m\u00e1xima calidad. Hay dos tipos, con gu\u00edas lineales las series BT, KT Y RT; y con gu\u00edas prism\u00e1ticas o de fricci\u00f3n las series BF y K. BT modelos 2200, 3200, 4200 y 5200 La serie BT es una fresadora de alta estabilidad y precisi\u00f3n, debido [&#8230;]<\/p>\n<p><a class=\"btn btn-primary understrap-read-more-link\" href=\"https:\/\/www.maquinariamarquez.com\/pt-pt\/mte_milling_machines\/fresadoras-bancada-fija-mte\/\">Veja detalhes<\/a><\/p>\n","protected":false},"author":6,"featured_media":23952,"parent":23931,"menu_order":50,"comment_status":"closed","ping_status":"closed","template":"page-templates\/template-page-maquina.php","meta":{"_acf_changed":false,"footnotes":""},"geolocalizacion":[402,67],"class_list":["post-23950","page","type-page","status-publish","has-post-thumbnail","hentry","geolocalizacion-chile","geolocalizacion-latino"],"acf":[],"aioseo_notices":[],"_links":{"self":[{"href":"https:\/\/www.maquinariamarquez.com\/pt-pt\/wp-json\/wp\/v2\/pages\/23950","targetHints":{"allow":["GET"]}}],"collection":[{"href":"https:\/\/www.maquinariamarquez.com\/pt-pt\/wp-json\/wp\/v2\/pages"}],"about":[{"href":"https:\/\/www.maquinariamarquez.com\/pt-pt\/wp-json\/wp\/v2\/types\/page"}],"author":[{"embeddable":true,"href":"https:\/\/www.maquinariamarquez.com\/pt-pt\/wp-json\/wp\/v2\/users\/6"}],"replies":[{"embeddable":true,"href":"https:\/\/www.maquinariamarquez.com\/pt-pt\/wp-json\/wp\/v2\/comments?post=23950"}],"version-history":[{"count":24,"href":"https:\/\/www.maquinariamarquez.com\/pt-pt\/wp-json\/wp\/v2\/pages\/23950\/revisions"}],"predecessor-version":[{"id":46003,"href":"https:\/\/www.maquinariamarquez.com\/pt-pt\/wp-json\/wp\/v2\/pages\/23950\/revisions\/46003"}],"up":[{"embeddable":true,"href":"https:\/\/www.maquinariamarquez.com\/pt-pt\/wp-json\/wp\/v2\/pages\/23931"}],"wp:featuredmedia":[{"embeddable":true,"href":"https:\/\/www.maquinariamarquez.com\/pt-pt\/wp-json\/wp\/v2\/media\/23952"}],"wp:attachment":[{"href":"https:\/\/www.maquinariamarquez.com\/pt-pt\/wp-json\/wp\/v2\/media?parent=23950"}],"wp:term":[{"taxonomy":"geolocalizacion","embeddable":true,"href":"https:\/\/www.maquinariamarquez.com\/pt-pt\/wp-json\/wp\/v2\/geolocalizacion?post=23950"}],"curies":[{"name":"wp","href":"https:\/\/api.w.org\/{rel}","templated":true}]}}