{"id":25238,"date":"2022-07-15T09:26:44","date_gmt":"2022-07-15T07:26:44","guid":{"rendered":"https:\/\/www.maquinariamarquez.com\/?page_id=25238"},"modified":"2022-11-14T14:07:58","modified_gmt":"2022-11-14T12:07:58","slug":"sbl-500-sbx-500","status":"publish","type":"page","link":"https:\/\/www.maquinariamarquez.com\/pt-pt\/tornos-trens\/tornos-bancada-inclinada-trens\/sbl-500-sbx-500\/","title":{"rendered":"SBL 500, SBX 500"},"content":{"rendered":"<table width=\"567\">\n<tbody>\n<tr>\n<td colspan=\"2\" width=\"340\">\n<h2><strong>Torno CNC Bancada Inclinada Trens SBL 500 y SBX 500<\/strong><\/h2>\n<\/td>\n<\/tr>\n<\/tbody>\n<\/table>\n<table width=\"567\">\n<tbody>\n<tr>\n<td colspan=\"2\" width=\"340\">&nbsp;<\/td>\n<td width=\"113\">\n<p style=\"text-align: center;\"><strong>SBL 500<\/strong><\/p>\n<\/td>\n<td width=\"113\">\n<p style=\"text-align: center;\"><strong>SBX 500<\/strong><\/p>\n<\/td>\n<\/tr>\n<tr>\n<td colspan=\"2\" width=\"340\"><strong>Capacidad de trabajo<\/strong><\/td>\n<td width=\"113\"><strong>&nbsp;<\/strong><\/td>\n<td width=\"113\"><strong>&nbsp;<\/strong><\/td>\n<\/tr>\n<tr>\n<td width=\"274\">Di\u00e1metro sobre bancada<\/td>\n<td width=\"66\">\n<p style=\"text-align: center;\">mm<\/p>\n<\/td>\n<td style=\"text-align: center;\" width=\"113\">600<\/td>\n<td width=\"113\">\n<p style=\"text-align: center;\">650<\/p>\n<\/td>\n<\/tr>\n<tr>\n<td width=\"274\">Di\u00e1metro m\u00e1x. torneado<\/td>\n<td width=\"66\">\n<p style=\"text-align: center;\">mm<\/p>\n<\/td>\n<td style=\"text-align: center;\" width=\"113\">410<\/td>\n<td width=\"113\">\n<p style=\"text-align: center;\">550<\/p>\n<\/td>\n<\/tr>\n<tr>\n<td width=\"274\">Longitud de torneado<\/td>\n<td width=\"66\">\n<p style=\"text-align: center;\">mm<\/p>\n<\/td>\n<td style=\"text-align: center;\" width=\"113\">750 \/ 1500<\/td>\n<td width=\"113\">\n<p style=\"text-align: center;\">750<\/p>\n<\/td>\n<\/tr>\n<tr>\n<td width=\"274\">Peso m\u00e1x. pieza entre puntos\/al aire<\/td>\n<td width=\"66\">\n<p style=\"text-align: center;\">Kg<\/p>\n<\/td>\n<td style=\"text-align: center;\" width=\"113\">420\/215<\/td>\n<td width=\"113\">\n<p style=\"text-align: center;\">372\/1000<\/p>\n<\/td>\n<\/tr>\n<tr>\n<td width=\"274\">Capacidad de barra<\/td>\n<td width=\"66\">\n<p style=\"text-align: center;\">mm<\/p>\n<\/td>\n<td style=\"text-align: center;\" width=\"113\">74<\/td>\n<td width=\"113\">\n<p style=\"text-align: center;\">117<\/p>\n<\/td>\n<\/tr>\n<tr>\n<td width=\"274\"><\/td>\n<td width=\"66\"><\/td>\n<td width=\"113\"><\/td>\n<td width=\"113\"><\/td>\n<\/tr>\n<tr>\n<td colspan=\"2\" width=\"340\"><strong>Husillo principal <\/strong><\/td>\n<td width=\"113\"><strong>&nbsp;<\/strong><\/td>\n<td width=\"113\"><strong>&nbsp;<\/strong><\/td>\n<\/tr>\n<tr>\n<td width=\"274\">Nariz del husillo (DIN 55026)<\/td>\n<td width=\"66\">\n<p style=\"text-align: center;\">&#8211;<\/p>\n<\/td>\n<td style=\"text-align: center;\" width=\"113\">A2-8<\/td>\n<td width=\"113\">\n<p style=\"text-align: center;\">A2-8\/A2-11<\/p>\n<\/td>\n<\/tr>\n<tr>\n<td width=\"274\">Di\u00e1metro husillo<\/td>\n<td width=\"66\">\n<p style=\"text-align: center;\">mm<\/p>\n<\/td>\n<td style=\"text-align: center;\" width=\"113\">92<\/td>\n<td width=\"113\">\n<p style=\"text-align: center;\">133<\/p>\n<\/td>\n<\/tr>\n<tr>\n<td width=\"274\">Di\u00e1metro plato<\/td>\n<td width=\"66\">\n<p style=\"text-align: center;\">Mm<\/p>\n<\/td>\n<td style=\"text-align: center;\" width=\"113\">250<\/td>\n<td width=\"113\">\n<p style=\"text-align: center;\">180<\/p>\n<\/td>\n<\/tr>\n<tr>\n<td width=\"274\">Motor &nbsp;<\/td>\n<td width=\"66\">\n<p style=\"text-align: center;\">Kw<\/p>\n<\/td>\n<td style=\"text-align: center;\" width=\"113\">22\/30,8<\/td>\n<td width=\"113\">\n<p style=\"text-align: center;\">22\/33<\/p>\n<\/td>\n<\/tr>\n<tr>\n<td width=\"274\">Par &nbsp;<\/td>\n<td width=\"66\">\n<p style=\"text-align: center;\">Nm<\/p>\n<\/td>\n<td style=\"text-align: center;\" width=\"113\">196<\/td>\n<td width=\"113\">\n<p style=\"text-align: center;\">490<\/p>\n<\/td>\n<\/tr>\n<tr>\n<td width=\"274\">Velocidad<\/td>\n<td width=\"66\">\n<p style=\"text-align: center;\">rpm<\/p>\n<\/td>\n<td style=\"text-align: center;\" width=\"113\">4.200<\/td>\n<td width=\"113\">\n<p style=\"text-align: center;\">2.800<\/p>\n<\/td>\n<\/tr>\n<tr>\n<td width=\"274\"><\/td>\n<td width=\"66\"><\/td>\n<td width=\"113\"><\/td>\n<td width=\"113\"><\/td>\n<\/tr>\n<tr>\n<td colspan=\"2\" width=\"340\"><strong>Eje X &nbsp;&#8211; medici\u00f3n directa mediante regla lineal<\/strong><\/td>\n<td width=\"113\"><strong>&nbsp;<\/strong><\/td>\n<td width=\"113\"><strong>&nbsp;<\/strong><\/td>\n<\/tr>\n<tr>\n<td width=\"274\">Recorrido trabajo<\/td>\n<td width=\"66\">\n<p style=\"text-align: center;\">mm<\/p>\n<\/td>\n<td style=\"text-align: center;\" width=\"113\">270<\/td>\n<td width=\"113\">\n<p style=\"text-align: center;\">300<\/p>\n<\/td>\n<\/tr>\n<tr>\n<td width=\"274\">Avance<\/td>\n<td width=\"66\">\n<p style=\"text-align: center;\">mm.min<sup>-1<\/sup><\/p>\n<\/td>\n<td style=\"text-align: center;\" width=\"113\">1\u00f710000<\/td>\n<td width=\"113\">\n<p style=\"text-align: center;\">1\u00f710000<\/p>\n<\/td>\n<\/tr>\n<tr>\n<td width=\"274\">Avance r\u00e1pido<\/td>\n<td width=\"66\">\n<p style=\"text-align: center;\">mm.min<sup>-1<\/sup><\/p>\n<\/td>\n<td style=\"text-align: center;\" width=\"113\">20.000<\/td>\n<td width=\"113\">\n<p style=\"text-align: center;\">24.000<\/p>\n<\/td>\n<\/tr>\n<tr>\n<td width=\"274\"><\/td>\n<td width=\"66\"><\/td>\n<td width=\"113\"><\/td>\n<td width=\"113\"><\/td>\n<\/tr>\n<tr>\n<td colspan=\"2\" width=\"340\"><strong>Eje Z \u2013 medici\u00f3n encoder<\/strong><\/td>\n<td width=\"113\"><\/td>\n<td width=\"113\"><\/td>\n<\/tr>\n<tr>\n<td width=\"274\">Recorrido trabajo<\/td>\n<td width=\"66\">\n<p style=\"text-align: center;\">mm<\/p>\n<\/td>\n<td style=\"text-align: center;\" width=\"113\">905<\/td>\n<td width=\"113\">\n<p style=\"text-align: center;\">1.655<\/p>\n<\/td>\n<\/tr>\n<tr>\n<td width=\"274\">Avance<\/td>\n<td width=\"66\">\n<p style=\"text-align: center;\">mm.min<sup>-1<\/sup><\/p>\n<\/td>\n<td style=\"text-align: center;\" width=\"113\">1\u00f710000<\/td>\n<td width=\"113\">\n<p style=\"text-align: center;\">1\u00f710000<\/p>\n<\/td>\n<\/tr>\n<tr>\n<td width=\"274\">Avance r\u00e1pido<\/td>\n<td width=\"66\">\n<p style=\"text-align: center;\">mm.min<sup>-1<\/sup><\/p>\n<\/td>\n<td style=\"text-align: center;\" width=\"113\">24.000<\/td>\n<td width=\"113\">\n<p style=\"text-align: center;\">30.000<\/p>\n<\/td>\n<\/tr>\n<tr>\n<td width=\"274\"><\/td>\n<td width=\"66\"><\/td>\n<td width=\"113\"><\/td>\n<td width=\"113\"><\/td>\n<\/tr>\n<tr>\n<td colspan=\"2\" width=\"340\"><strong>Eje Y \u2013 medici\u00f3n encoder<\/strong><\/td>\n<td width=\"113\"><\/td>\n<td width=\"113\"><\/td>\n<\/tr>\n<tr>\n<td width=\"274\">Recorrido trabajo<\/td>\n<td width=\"66\">\n<p style=\"text-align: center;\">mm<\/p>\n<\/td>\n<td style=\"text-align: center;\" width=\"113\">&#8211;<\/td>\n<td width=\"113\">\n<p style=\"text-align: center;\">+\/-60<\/p>\n<\/td>\n<\/tr>\n<tr>\n<td width=\"274\">Avance<\/td>\n<td width=\"66\">\n<p style=\"text-align: center;\">mm.min<sup>-1<\/sup><\/p>\n<\/td>\n<td style=\"text-align: center;\" width=\"113\">&#8211;<\/td>\n<td width=\"113\">\n<p style=\"text-align: center;\">1\u00f710000<\/p>\n<\/td>\n<\/tr>\n<tr>\n<td width=\"274\">Avance r\u00e1pido<\/td>\n<td width=\"66\">\n<p style=\"text-align: center;\">mm.min<sup>-1<\/sup><\/p>\n<\/td>\n<td style=\"text-align: center;\" width=\"113\">&#8211;<\/td>\n<td width=\"113\">\n<p style=\"text-align: center;\">24.000<\/p>\n<\/td>\n<\/tr>\n<tr>\n<td width=\"274\"><\/td>\n<td width=\"66\"><\/td>\n<td width=\"113\"><\/td>\n<td width=\"113\"><\/td>\n<\/tr>\n<tr>\n<td width=\"274\"><strong>Torreta axial<\/strong><\/td>\n<td width=\"66\"><\/td>\n<td width=\"113\"><\/td>\n<td width=\"113\"><\/td>\n<\/tr>\n<tr>\n<td width=\"274\">Posiciones<\/td>\n<td width=\"66\">\n<p style=\"text-align: center;\">&#8211;<\/p>\n<\/td>\n<td style=\"text-align: center;\" width=\"113\">12<\/td>\n<td width=\"113\">\n<p style=\"text-align: center;\">12<\/p>\n<\/td>\n<\/tr>\n<tr>\n<td width=\"274\">Cono DIN 69880<\/td>\n<td width=\"66\">\n<p style=\"text-align: center;\">mm<\/p>\n<\/td>\n<td style=\"text-align: center;\" width=\"113\">400<\/td>\n<td width=\"113\">\n<p style=\"text-align: center;\">400<\/p>\n<\/td>\n<\/tr>\n<tr>\n<td width=\"274\">Tama\u00f1o<\/td>\n<td width=\"66\">\n<p style=\"text-align: center;\">mm<\/p>\n<\/td>\n<td style=\"text-align: center;\" width=\"113\">25 x 25<\/td>\n<td width=\"113\">\n<p style=\"text-align: center;\">25 x 25<\/p>\n<\/td>\n<\/tr>\n<tr>\n<td width=\"274\"><\/td>\n<td width=\"66\"><\/td>\n<td width=\"113\"><\/td>\n<td width=\"113\"><\/td>\n<\/tr>\n<tr>\n<td width=\"274\"><strong>Contrapunto<\/strong><\/td>\n<td width=\"66\"><\/td>\n<td width=\"113\"><\/td>\n<td width=\"113\"><\/td>\n<\/tr>\n<tr>\n<td width=\"274\">Cono<\/td>\n<td width=\"66\">\n<p style=\"text-align: center;\">&#8211;<\/p>\n<\/td>\n<td style=\"text-align: center;\" width=\"113\">Morse 5<\/td>\n<td width=\"113\">\n<p style=\"text-align: center;\">Morse 5<\/p>\n<\/td>\n<\/tr>\n<tr>\n<td width=\"274\">Recorrido<\/td>\n<td width=\"66\">\n<p style=\"text-align: center;\">mm<\/p>\n<\/td>\n<td style=\"text-align: center;\" width=\"113\">125<\/td>\n<td width=\"113\">\n<p style=\"text-align: center;\">125<\/p>\n<\/td>\n<\/tr>\n<tr>\n<td width=\"274\">Tipo<\/td>\n<td width=\"66\">\n<p style=\"text-align: center;\">&#8211;<\/p>\n<\/td>\n<td style=\"text-align: center;\" width=\"113\">Programable<\/td>\n<td width=\"113\">\n<p style=\"text-align: center;\">Programable<\/p>\n<\/td>\n<\/tr>\n<tr>\n<td width=\"274\"><\/td>\n<td width=\"66\"><\/td>\n<td width=\"113\"><\/td>\n<td width=\"113\"><\/td>\n<\/tr>\n<tr>\n<td width=\"274\"><strong>CNC<\/strong><\/td>\n<td width=\"66\">\n<p style=\"text-align: center;\">&#8211;<\/p>\n<\/td>\n<td style=\"text-align: center;\" width=\"113\">CNC Fanuc 0i-T Manual Guide i<\/td>\n<td width=\"113\">\n<p style=\"text-align: center;\">CNC Fanuc 0i-T Manual Guide i<\/p>\n<\/td>\n<\/tr>\n<tr>\n<td width=\"274\"><strong>Dimensiones m\u00e1quinas<\/strong><\/td>\n<td width=\"66\"><\/td>\n<td width=\"113\"><\/td>\n<td width=\"113\"><\/td>\n<\/tr>\n<tr>\n<td width=\"274\">Largo x Ancho<\/td>\n<td width=\"66\">\n<p style=\"text-align: center;\">mm<\/p>\n<\/td>\n<td style=\"text-align: center;\" width=\"113\">3.655 x 1.980<\/td>\n<td width=\"113\">\n<p style=\"text-align: center;\">2.395 x 5.800<\/p>\n<\/td>\n<\/tr>\n<tr>\n<td width=\"274\">\n<p style=\"text-align: left;\">Alto<\/p>\n<\/td>\n<td style=\"text-align: center;\" width=\"66\">mm<\/td>\n<td style=\"text-align: center;\" width=\"113\">1.935<\/td>\n<td width=\"113\">\n<p style=\"text-align: center;\">2.000<\/p>\n<\/td>\n<\/tr>\n<tr>\n<td width=\"274\">Peso<\/td>\n<td width=\"66\">\n<p style=\"text-align: center;\">Kg<\/p>\n<\/td>\n<td style=\"text-align: center;\" width=\"113\">6.620<\/td>\n<td width=\"113\">\n<p style=\"text-align: center;\">6.500<\/p>\n<\/td>\n<\/tr>\n<\/tbody>\n<\/table>\n","protected":false},"excerpt":{"rendered":"<p>Torno CNC Bancada Inclinada Trens SBL 500 y SBX 500 &nbsp; SBL 500 SBX 500 Capacidad de trabajo &nbsp; &nbsp; Di\u00e1metro sobre bancada mm 600 650 Di\u00e1metro m\u00e1x. torneado mm 410 550 Longitud de torneado mm 750 \/ 1500 750 Peso m\u00e1x. pieza entre puntos\/al aire Kg 420\/215 372\/1000 Capacidad de barra mm 74 117 [&#8230;]<\/p>\n<p><a class=\"btn btn-primary understrap-read-more-link\" href=\"https:\/\/www.maquinariamarquez.com\/pt-pt\/tornos-trens\/tornos-bancada-inclinada-trens\/sbl-500-sbx-500\/\">Veja detalhes<\/a><\/p>\n","protected":false},"author":6,"featured_media":25244,"parent":21841,"menu_order":43,"comment_status":"closed","ping_status":"closed","template":"page-templates\/template-page-maquina.php","meta":{"_acf_changed":false,"footnotes":""},"geolocalizacion":[402,67,66,68],"class_list":["post-25238","page","type-page","status-publish","has-post-thumbnail","hentry","geolocalizacion-chile","geolocalizacion-latino","geolocalizacion-portugal","geolocalizacion-europa"],"acf":[],"aioseo_notices":[],"_links":{"self":[{"href":"https:\/\/www.maquinariamarquez.com\/pt-pt\/wp-json\/wp\/v2\/pages\/25238","targetHints":{"allow":["GET"]}}],"collection":[{"href":"https:\/\/www.maquinariamarquez.com\/pt-pt\/wp-json\/wp\/v2\/pages"}],"about":[{"href":"https:\/\/www.maquinariamarquez.com\/pt-pt\/wp-json\/wp\/v2\/types\/page"}],"author":[{"embeddable":true,"href":"https:\/\/www.maquinariamarquez.com\/pt-pt\/wp-json\/wp\/v2\/users\/6"}],"replies":[{"embeddable":true,"href":"https:\/\/www.maquinariamarquez.com\/pt-pt\/wp-json\/wp\/v2\/comments?post=25238"}],"version-history":[{"count":17,"href":"https:\/\/www.maquinariamarquez.com\/pt-pt\/wp-json\/wp\/v2\/pages\/25238\/revisions"}],"predecessor-version":[{"id":29285,"href":"https:\/\/www.maquinariamarquez.com\/pt-pt\/wp-json\/wp\/v2\/pages\/25238\/revisions\/29285"}],"up":[{"embeddable":true,"href":"https:\/\/www.maquinariamarquez.com\/pt-pt\/wp-json\/wp\/v2\/pages\/21841"}],"wp:featuredmedia":[{"embeddable":true,"href":"https:\/\/www.maquinariamarquez.com\/pt-pt\/wp-json\/wp\/v2\/media\/25244"}],"wp:attachment":[{"href":"https:\/\/www.maquinariamarquez.com\/pt-pt\/wp-json\/wp\/v2\/media?parent=25238"}],"wp:term":[{"taxonomy":"geolocalizacion","embeddable":true,"href":"https:\/\/www.maquinariamarquez.com\/pt-pt\/wp-json\/wp\/v2\/geolocalizacion?post=25238"}],"curies":[{"name":"wp","href":"https:\/\/api.w.org\/{rel}","templated":true}]}}