{"id":36931,"date":"2023-11-22T10:36:32","date_gmt":"2023-11-22T08:36:32","guid":{"rendered":"https:\/\/www.maquinariamarquez.com\/?page_id=36931"},"modified":"2024-08-19T15:48:19","modified_gmt":"2024-08-19T13:48:19","slug":"palmary-machinery","status":"publish","type":"page","link":"https:\/\/www.maquinariamarquez.com\/pt-pt\/palmary-machinery\/","title":{"rendered":"Palmary Machinery"},"content":{"rendered":"\n<p class=\"has-large-font-size\"><strong>Rectificadoras Palmary Machinery<\/strong> <\/p>\n\n\n\n<div class=\"wp-block-columns are-vertically-aligned-center is-layout-flex wp-container-core-columns-is-layout-9d6595d7 wp-block-columns-is-layout-flex\">\n<div class=\"wp-block-column is-vertically-aligned-center is-layout-flow wp-block-column-is-layout-flow\" style=\"flex-basis:40%\"><div class=\"wp-block-image\">\n<figure class=\"alignleft size-full\"><img alt=\"Palmary Machinery\" loading=\"lazy\" decoding=\"async\" width=\"310\" height=\"86\" src=\"https:\/\/www.maquinariamarquez.com\/wp-content\/uploads\/2023\/11\/Palmary.jpg\" alt=\"\" class=\"wp-image-36936\" srcset=\"https:\/\/www.maquinariamarquez.com\/wp-content\/uploads\/2023\/11\/Palmary.jpg 310w, https:\/\/www.maquinariamarquez.com\/wp-content\/uploads\/2023\/11\/Palmary-300x83.jpg 300w\" sizes=\"auto, (max-width: 310px) 100vw, 310px\" \/><\/figure>\n<\/div><\/div>\n<\/div>\n\n\n\n<div class=\"wp-block-columns is-layout-flex wp-container-core-columns-is-layout-9d6595d7 wp-block-columns-is-layout-flex\">\n<div class=\"wp-block-column is-layout-flow wp-block-column-is-layout-flow\"><div class=\"wp-block-image\">\n<figure class=\"aligncenter size-full\"><a href=\"https:\/\/www.palmary.com\/en\/products\/cylindrical-grinder\"><img alt=\"Palmary Machinery\" loading=\"lazy\" decoding=\"async\" width=\"334\" height=\"319\" src=\"https:\/\/www.maquinariamarquez.com\/wp-content\/uploads\/2023\/11\/Rectificadoras-universales.jpg\" alt=\"\" class=\"wp-image-36957\" srcset=\"https:\/\/www.maquinariamarquez.com\/wp-content\/uploads\/2023\/11\/Rectificadoras-universales.jpg 334w, https:\/\/www.maquinariamarquez.com\/wp-content\/uploads\/2023\/11\/Rectificadoras-universales-300x287.jpg 300w\" sizes=\"auto, (max-width: 334px) 100vw, 334px\" \/><\/a><\/figure>\n<\/div>\n\n\n<h2 class=\"wp-block-heading has-text-align-left\"><a href=\"https:\/\/www.palmary.com\/en\/products\/cylindrical-grinder\" title=\"\">Rectificadoras Universales<\/a><\/h2>\n<\/div>\n\n\n\n<div class=\"wp-block-column is-layout-flow wp-block-column-is-layout-flow\"><div class=\"wp-block-image\">\n<figure class=\"aligncenter size-full\"><a href=\"https:\/\/www.palmary.com\/en\/products\/centerless-grinder\"><img alt=\"Palmary Machinery\" loading=\"lazy\" decoding=\"async\" width=\"334\" height=\"319\" src=\"https:\/\/www.maquinariamarquez.com\/wp-content\/uploads\/2023\/11\/Rectificadoras-sin-centros.jpg\" alt=\"\" class=\"wp-image-36948\" srcset=\"https:\/\/www.maquinariamarquez.com\/wp-content\/uploads\/2023\/11\/Rectificadoras-sin-centros.jpg 334w, https:\/\/www.maquinariamarquez.com\/wp-content\/uploads\/2023\/11\/Rectificadoras-sin-centros-300x287.jpg 300w\" sizes=\"auto, (max-width: 334px) 100vw, 334px\" \/><\/a><\/figure>\n<\/div>\n\n\n<h2 class=\"wp-block-heading has-text-align-left\"><a href=\"https:\/\/www.palmary.com\/en\/products\/centerless-grinder\" title=\"\">Rectificadoras sin Centros<\/a><\/h2>\n<\/div>\n<\/div>\n\n\n\n<div class=\"wp-block-columns is-layout-flex wp-container-core-columns-is-layout-9d6595d7 wp-block-columns-is-layout-flex\">\n<div class=\"wp-block-column is-layout-flow wp-block-column-is-layout-flow\"><div class=\"wp-block-image\">\n<figure class=\"aligncenter size-full\"><a href=\"https:\/\/www.palmary.com\/en\/products\/vertical-grinder\"><img alt=\"Palmary Machinery\" loading=\"lazy\" decoding=\"async\" width=\"334\" height=\"319\" src=\"https:\/\/www.maquinariamarquez.com\/wp-content\/uploads\/2023\/11\/Rectificadoras-verticales.jpg\" alt=\"\" class=\"wp-image-36954\" srcset=\"https:\/\/www.maquinariamarquez.com\/wp-content\/uploads\/2023\/11\/Rectificadoras-verticales.jpg 334w, https:\/\/www.maquinariamarquez.com\/wp-content\/uploads\/2023\/11\/Rectificadoras-verticales-300x287.jpg 300w\" sizes=\"auto, (max-width: 334px) 100vw, 334px\" \/><\/a><\/figure>\n<\/div>\n\n\n<h2 class=\"wp-block-heading has-text-align-left\"><a href=\"https:\/\/www.palmary.com\/en\/products\/vertical-grinder\" title=\"\">Rectificadoras Verticales<\/a><\/h2>\n<\/div>\n\n\n\n<div class=\"wp-block-column is-layout-flow wp-block-column-is-layout-flow\"><div class=\"wp-block-image\">\n<figure class=\"aligncenter size-full\"><a href=\"https:\/\/www.palmary.com\/en\/products\/internal-grinder\"><img alt=\"Palmary Machinery\" loading=\"lazy\" decoding=\"async\" width=\"334\" height=\"319\" src=\"https:\/\/www.maquinariamarquez.com\/wp-content\/uploads\/2023\/11\/Rectificadoras-de-interior.jpg\" alt=\"\" class=\"wp-image-36951\" srcset=\"https:\/\/www.maquinariamarquez.com\/wp-content\/uploads\/2023\/11\/Rectificadoras-de-interior.jpg 334w, https:\/\/www.maquinariamarquez.com\/wp-content\/uploads\/2023\/11\/Rectificadoras-de-interior-300x287.jpg 300w\" sizes=\"auto, (max-width: 334px) 100vw, 334px\" \/><\/a><\/figure>\n<\/div>\n\n\n<h2 class=\"wp-block-heading has-text-align-left\"><a href=\"https:\/\/www.palmary.com\/en\/products\/internal-grinder\" title=\"\">Rectificadoras de Interior<\/a><\/h2>\n<\/div>\n<\/div>\n\n\n\n<div style=\"height:30px\" aria-hidden=\"true\" class=\"wp-block-spacer\"><\/div>\n\n\n\n<h2 class=\"wp-block-heading\">Palmary Machinery<\/h2>\n\n\n\n<p><strong>PALMARY Machinery <\/strong>Co., Ltd. fue fundada en Taichung, Taiw\u00e1n en 1998. Actualmente cuenta con unas instalaciones de m\u00e1s de 20.000 metros cuadrados en las que fabrican una gran variedad de rectificadoras: sin centros, universales, de interior y verticales. <strong>Palmary Machinery es el fabricante l\u00edder de rectificadoras en el mundo<\/strong> caracteriz\u00e1ndose por una gran relaci\u00f3n calidad precio.<\/p>\n\n\n\n<p>Los valores de su empresa son: honestidad, innovaci\u00f3n, calidad, servicio, producci\u00f3n optimizada y trabajo en equipo.<\/p>\n\n\n\n<p>Si necesita <strong>informaci\u00f3n t\u00e9cnica y precios<\/strong> de las rectificadoras de Palmary o tiene alguna pregunta, puede contactar con nosotros rellenando el formulario o llamando al +34 976 57 12 13. Estaremos encantados de atenderle.<\/p>\n\n\n\n<p>Palmary Machinery dispone de varios modelos de rectificadoras, pulsando en los enlaces acceder\u00e1 a la p\u00e1gina web del fabricante donde podr\u00e1 ver los modelos disponibles y sus caracter\u00edsticas t\u00e9cnicas.<\/p>\n","protected":false},"excerpt":{"rendered":"<p>Rectificadoras Palmary Machinery Rectificadoras Universales Rectificadoras sin Centros Rectificadoras Verticales Rectificadoras de Interior Palmary Machinery PALMARY Machinery Co., Ltd. fue fundada en Taichung, Taiw\u00e1n en 1998. Actualmente cuenta con unas instalaciones de m\u00e1s de 20.000 metros cuadrados en las que fabrican una gran variedad de rectificadoras: sin centros, universales, de interior y verticales. Palmary Machinery [&#8230;]<\/p>\n<p><a class=\"btn btn-primary understrap-read-more-link\" href=\"https:\/\/www.maquinariamarquez.com\/pt-pt\/palmary-machinery\/\">Leia mais<\/a><\/p>\n","protected":false},"author":8,"featured_media":36936,"parent":0,"menu_order":36,"comment_status":"closed","ping_status":"closed","template":"","meta":{"_acf_changed":false,"footnotes":""},"geolocalizacion":[402,67,66,68],"class_list":["post-36931","page","type-page","status-publish","has-post-thumbnail","hentry","geolocalizacion-chile","geolocalizacion-latino","geolocalizacion-portugal","geolocalizacion-europa"],"acf":[],"aioseo_notices":[],"_links":{"self":[{"href":"https:\/\/www.maquinariamarquez.com\/pt-pt\/wp-json\/wp\/v2\/pages\/36931","targetHints":{"allow":["GET"]}}],"collection":[{"href":"https:\/\/www.maquinariamarquez.com\/pt-pt\/wp-json\/wp\/v2\/pages"}],"about":[{"href":"https:\/\/www.maquinariamarquez.com\/pt-pt\/wp-json\/wp\/v2\/types\/page"}],"author":[{"embeddable":true,"href":"https:\/\/www.maquinariamarquez.com\/pt-pt\/wp-json\/wp\/v2\/users\/8"}],"replies":[{"embeddable":true,"href":"https:\/\/www.maquinariamarquez.com\/pt-pt\/wp-json\/wp\/v2\/comments?post=36931"}],"version-history":[{"count":24,"href":"https:\/\/www.maquinariamarquez.com\/pt-pt\/wp-json\/wp\/v2\/pages\/36931\/revisions"}],"predecessor-version":[{"id":45246,"href":"https:\/\/www.maquinariamarquez.com\/pt-pt\/wp-json\/wp\/v2\/pages\/36931\/revisions\/45246"}],"wp:featuredmedia":[{"embeddable":true,"href":"https:\/\/www.maquinariamarquez.com\/pt-pt\/wp-json\/wp\/v2\/media\/36936"}],"wp:attachment":[{"href":"https:\/\/www.maquinariamarquez.com\/pt-pt\/wp-json\/wp\/v2\/media?parent=36931"}],"wp:term":[{"taxonomy":"geolocalizacion","embeddable":true,"href":"https:\/\/www.maquinariamarquez.com\/pt-pt\/wp-json\/wp\/v2\/geolocalizacion?post=36931"}],"curies":[{"name":"wp","href":"https:\/\/api.w.org\/{rel}","templated":true}]}}