{"id":43191,"date":"2024-06-21T09:33:30","date_gmt":"2024-06-21T07:33:30","guid":{"rendered":"https:\/\/www.maquinariamarquez.com\/?page_id=43191"},"modified":"2026-01-22T13:32:09","modified_gmt":"2026-01-22T11:32:09","slug":"centro-de-mecanizado-horizontal","status":"publish","type":"page","link":"https:\/\/www.maquinariamarquez.com\/pt-pt\/haitian-precision-hision\/centro-de-mecanizado-horizontal\/","title":{"rendered":"Centro de mecanizado horizontal"},"content":{"rendered":"\n<p><strong>SERIE ALTA VELOCIDAD <\/strong>NQ<\/p>\n\n\n\n<figure class=\"wp-block-table aligncenter\"><table><tbody><tr><td class=\"has-text-align-left\" data-align=\"left\" colspan=\"2\"><\/td><td><strong>NQ50<\/strong><\/td><td class=\"has-text-align-center\" data-align=\"center\"><strong>NQ60<\/strong><\/td><td class=\"has-text-align-center\" data-align=\"center\"><strong>NQ65<\/strong><\/td><td class=\"has-text-align-center\" data-align=\"center\"><strong>NQ80<\/strong><\/td><\/tr><tr><td class=\"has-text-align-left\" data-align=\"left\" colspan=\"7\"><strong>CAPACIDAD<\/strong><\/td><\/tr><tr><td class=\"has-text-align-left\" data-align=\"left\">Eje X<\/td><td>mm<\/td><td class=\"has-text-align-center\" data-align=\"center\">730<\/td><td class=\"has-text-align-center\" data-align=\"center\">800<\/td><td class=\"has-text-align-center\" data-align=\"center\">1050<\/td><td class=\"has-text-align-center\" data-align=\"center\">1400<\/td><\/tr><tr><td class=\"has-text-align-left\" data-align=\"left\">Eje Y<\/td><td>mm<\/td><td class=\"has-text-align-center\" data-align=\"center\">730<\/td><td class=\"has-text-align-center\" data-align=\"center\">800<\/td><td class=\"has-text-align-center\" data-align=\"center\">900<\/td><td class=\"has-text-align-center\" data-align=\"center\">1200<\/td><\/tr><tr><td class=\"has-text-align-left\" data-align=\"left\">Eje Z<\/td><td>mm<\/td><td class=\"has-text-align-center\" data-align=\"center\">800<\/td><td class=\"has-text-align-center\" data-align=\"center\">850<\/td><td class=\"has-text-align-center\" data-align=\"center\">1000<\/td><td class=\"has-text-align-center\" data-align=\"center\">1050<\/td><\/tr><tr><td class=\"has-text-align-left\" data-align=\"left\">Distancia husillo a mesa<\/td><td>mm<\/td><td class=\"has-text-align-center\" data-align=\"center\">70-870<\/td><td class=\"has-text-align-center\" data-align=\"center\">150-1000<\/td><td class=\"has-text-align-center\" data-align=\"center\">190-1190<\/td><td class=\"has-text-align-center\" data-align=\"center\">200-1250<\/td><\/tr><tr><td class=\"has-text-align-left\" data-align=\"left\">Velocidad husillo<\/td><td>rpm<\/td><td class=\"has-text-align-center\" data-align=\"center\" colspan=\"4\">8000, 12000, 20000<\/td><\/tr><tr><td class=\"has-text-align-left\" data-align=\"left\">Avance r\u00e1pido<\/td><td>m\/min<\/td><td class=\"has-text-align-center\" data-align=\"center\" colspan=\"4\">60<\/td><\/tr><tr><td class=\"has-text-align-left\" data-align=\"left\" colspan=\"7\"><strong>MESA<\/strong><\/td><\/tr><tr><td class=\"has-text-align-left\" data-align=\"left\">Superficie<\/td><td>mm<\/td><td class=\"has-text-align-center\" data-align=\"center\">500&#215;500<\/td><td class=\"has-text-align-center\" data-align=\"center\">630&#215;630<\/td><td class=\"has-text-align-center\" data-align=\"center\">630&#215;630<\/td><td class=\"has-text-align-center\" data-align=\"center\">800&#215;800<\/td><\/tr><tr><td class=\"has-text-align-left\" data-align=\"left\">Capacidad<\/td><td>kg<\/td><td class=\"has-text-align-center\" data-align=\"center\">500<\/td><td class=\"has-text-align-center\" data-align=\"center\">1000<\/td><td class=\"has-text-align-center\" data-align=\"center\">1300<\/td><td class=\"has-text-align-center\" data-align=\"center\">2000<\/td><\/tr><\/tbody><\/table><\/figure>\n\n\n\n<p><strong>SERIE  ALTO PAR <\/strong>NHR<\/p>\n\n\n\n<figure class=\"wp-block-table aligncenter\"><table><tbody><tr><td class=\"has-text-align-left\" data-align=\"left\" colspan=\"2\"><\/td><td class=\"has-text-align-center\" data-align=\"center\"><strong>NHR6<\/strong><\/td><td class=\"has-text-align-center\" data-align=\"center\"><strong>NHR8<\/strong><\/td><td class=\"has-text-align-center\" data-align=\"center\"><strong>NHR10<\/strong><\/td><td class=\"has-text-align-center\" data-align=\"center\"><strong>NHR12<\/strong><\/td><\/tr><tr><td class=\"has-text-align-left\" data-align=\"left\" colspan=\"7\"><strong>CAPACIDAD<\/strong><\/td><\/tr><tr><td class=\"has-text-align-left\" data-align=\"left\">Eje X<\/td><td class=\"has-text-align-center\" data-align=\"center\">mm<\/td><td class=\"has-text-align-center\" data-align=\"center\">1050<\/td><td class=\"has-text-align-center\" data-align=\"center\">1350<\/td><td class=\"has-text-align-center\" data-align=\"center\">1800<\/td><td class=\"has-text-align-center\" data-align=\"center\">2000<\/td><\/tr><tr><td class=\"has-text-align-left\" data-align=\"left\">Eje Y<\/td><td class=\"has-text-align-center\" data-align=\"center\">mm<\/td><td class=\"has-text-align-center\" data-align=\"center\">850<\/td><td class=\"has-text-align-center\" data-align=\"center\">980<\/td><td class=\"has-text-align-center\" data-align=\"center\">1500<\/td><td class=\"has-text-align-center\" data-align=\"center\">1500<\/td><\/tr><tr><td class=\"has-text-align-left\" data-align=\"left\">Eje Z<\/td><td class=\"has-text-align-center\" data-align=\"center\">mm<\/td><td class=\"has-text-align-center\" data-align=\"center\">900<\/td><td class=\"has-text-align-center\" data-align=\"center\">1000<\/td><td class=\"has-text-align-center\" data-align=\"center\">1350<\/td><td class=\"has-text-align-center\" data-align=\"center\">1350<\/td><\/tr><tr><td class=\"has-text-align-left\" data-align=\"left\">Eje W (Opcional)<\/td><td class=\"has-text-align-center\" data-align=\"center\">mm<\/td><td class=\"has-text-align-center\" data-align=\"center\">&#8212;<\/td><td class=\"has-text-align-center\" data-align=\"center\">535<\/td><td class=\"has-text-align-center\" data-align=\"center\">535<\/td><td class=\"has-text-align-center\" data-align=\"center\">535<\/td><\/tr><tr><td class=\"has-text-align-left\" data-align=\"left\">Distancia husillo a superficie mesa<\/td><td class=\"has-text-align-center\" data-align=\"center\">mm<\/td><td class=\"has-text-align-center\" data-align=\"center\">0-850<\/td><td class=\"has-text-align-center\" data-align=\"center\">0-980<\/td><td class=\"has-text-align-center\" data-align=\"center\">0-1500<\/td><td class=\"has-text-align-center\" data-align=\"center\">0-1500<\/td><\/tr><tr><td class=\"has-text-align-left\" data-align=\"left\">Distancia husillo a centro mesa<\/td><td class=\"has-text-align-center\" data-align=\"center\">mm<\/td><td class=\"has-text-align-center\" data-align=\"center\">200-1100<\/td><td class=\"has-text-align-center\" data-align=\"center\">230-1230<\/td><td class=\"has-text-align-center\" data-align=\"center\">300-1650<\/td><td class=\"has-text-align-center\" data-align=\"center\">350-1700<\/td><\/tr><tr><td class=\"has-text-align-left\" data-align=\"left\">Velocidad husillo<\/td><td class=\"has-text-align-center\" data-align=\"center\">rpm<\/td><td class=\"has-text-align-center\" data-align=\"center\" colspan=\"4\">6000, 4500<\/td><\/tr><tr><td class=\"has-text-align-left\" data-align=\"left\">Avance r\u00e1pido<\/td><td class=\"has-text-align-center\" data-align=\"center\">m\/min<\/td><td>32\/30\/32<\/td><td>30\/24\/30<\/td><td>24\/20\/24<\/td><td>24\/20\/24<\/td><\/tr><tr><td class=\"has-text-align-left\" data-align=\"left\" colspan=\"7\"><strong>MESA<\/strong><\/td><\/tr><tr><td class=\"has-text-align-left\" data-align=\"left\">Superficie<\/td><td class=\"has-text-align-center\" data-align=\"center\">mm<\/td><td class=\"has-text-align-center\" data-align=\"center\">630&#215;630<\/td><td class=\"has-text-align-center\" data-align=\"center\">800&#215;800<\/td><td class=\"has-text-align-center\" data-align=\"center\">1000&#215;1000<\/td><td class=\"has-text-align-center\" data-align=\"center\">1250&#215;1250<\/td><\/tr><tr><td class=\"has-text-align-left\" data-align=\"left\">Capacidad<\/td><td class=\"has-text-align-center\" data-align=\"center\">kg<\/td><td class=\"has-text-align-center\" data-align=\"center\">1300<\/td><td class=\"has-text-align-center\" data-align=\"center\">2000<\/td><td class=\"has-text-align-center\" data-align=\"center\">3000<\/td><td class=\"has-text-align-center\" data-align=\"center\">3000<\/td><\/tr><\/tbody><\/table><\/figure>\n\n\n\n<p>Los centros de mecanizado horizontal de Haitian Precision son un claro ejemplo de rendimiento de producci\u00f3n superior. <\/p>\n\n\n\n<p>La <strong>mesa <\/strong>est\u00e1 fabricada en hierro fundido de alta resistencia con una alta capacidad de carga que garantiza la estabilidad del procesamiento. La mesa giratoria es un accesorio opcional disponible.<\/p>\n\n\n\n<p>En los ejes X,Y y Z se usa una <strong>gu\u00eda lineal de rodillos<\/strong>. Con el fin de lograr una alta precisi\u00f3n y un corte pesado, el eje X\/Y\/Z de la serie HPCIl adopta una gu\u00eda lineal de rodillos.<\/p>\n\n\n\n<p>El <strong>husillo <\/strong>tiene tiene una inercia de rotaci\u00f3n peque\u00f1a, una velocidad de arranque\/parada r\u00e1pida y reduce en gran medida la vibraci\u00f3n durante el funcionamiento a alta velocidad para garantizar la precisi\u00f3n y exactitud del mecanizado. Adem\u00e1s incluye un sistema de refrigeraci\u00f3n termost\u00e1tica con el fin de lograr una precisi\u00f3n estable del husillo y reducir la deformaci\u00f3n t\u00e9rmica del husillo.<\/p>\n\n\n\n<p>Sus centros de mecanizado horizontal son una <strong>soluci\u00f3n para el mecanizado de piezas en el sector de la automoci\u00f3n y la maquinaria pesada<\/strong>. Algunas de las piezas que pueden mecanizarse en aluminio son la carcasa del embrague, subchasis delantero, nudillos y bloque de cilindros. As\u00ed como piezas de otros materiales como el bloque de v\u00e1lvulas, caja reductora o carcasa del compresor de aire.<\/p>\n","protected":false},"excerpt":{"rendered":"<p>SERIE ALTA VELOCIDAD NQ NQ50 NQ60 NQ65 NQ80 CAPACIDAD Eje X mm 730 800 1050 1400 Eje Y mm 730 800 900 1200 Eje Z mm 800 850 1000 1050 Distancia husillo a mesa mm 70-870 150-1000 190-1190 200-1250 Velocidad husillo rpm 8000, 12000, 20000 Avance r\u00e1pido m\/min 60 MESA Superficie mm 500&#215;500 630&#215;630 630&#215;630 [&#8230;]<\/p>\n<p><a class=\"btn btn-primary understrap-read-more-link\" href=\"https:\/\/www.maquinariamarquez.com\/pt-pt\/haitian-precision-hision\/centro-de-mecanizado-horizontal\/\">Veja detalhes<\/a><\/p>\n","protected":false},"author":8,"featured_media":43145,"parent":43073,"menu_order":17,"comment_status":"closed","ping_status":"closed","template":"page-templates\/template-page-maquina.php","meta":{"_acf_changed":false,"footnotes":""},"geolocalizacion":[66,68],"class_list":["post-43191","page","type-page","status-publish","has-post-thumbnail","hentry","geolocalizacion-portugal","geolocalizacion-europa"],"acf":[],"aioseo_notices":[],"_links":{"self":[{"href":"https:\/\/www.maquinariamarquez.com\/pt-pt\/wp-json\/wp\/v2\/pages\/43191","targetHints":{"allow":["GET"]}}],"collection":[{"href":"https:\/\/www.maquinariamarquez.com\/pt-pt\/wp-json\/wp\/v2\/pages"}],"about":[{"href":"https:\/\/www.maquinariamarquez.com\/pt-pt\/wp-json\/wp\/v2\/types\/page"}],"author":[{"embeddable":true,"href":"https:\/\/www.maquinariamarquez.com\/pt-pt\/wp-json\/wp\/v2\/users\/8"}],"replies":[{"embeddable":true,"href":"https:\/\/www.maquinariamarquez.com\/pt-pt\/wp-json\/wp\/v2\/comments?post=43191"}],"version-history":[{"count":40,"href":"https:\/\/www.maquinariamarquez.com\/pt-pt\/wp-json\/wp\/v2\/pages\/43191\/revisions"}],"predecessor-version":[{"id":55710,"href":"https:\/\/www.maquinariamarquez.com\/pt-pt\/wp-json\/wp\/v2\/pages\/43191\/revisions\/55710"}],"up":[{"embeddable":true,"href":"https:\/\/www.maquinariamarquez.com\/pt-pt\/wp-json\/wp\/v2\/pages\/43073"}],"wp:featuredmedia":[{"embeddable":true,"href":"https:\/\/www.maquinariamarquez.com\/pt-pt\/wp-json\/wp\/v2\/media\/43145"}],"wp:attachment":[{"href":"https:\/\/www.maquinariamarquez.com\/pt-pt\/wp-json\/wp\/v2\/media?parent=43191"}],"wp:term":[{"taxonomy":"geolocalizacion","embeddable":true,"href":"https:\/\/www.maquinariamarquez.com\/pt-pt\/wp-json\/wp\/v2\/geolocalizacion?post=43191"}],"curies":[{"name":"wp","href":"https:\/\/api.w.org\/{rel}","templated":true}]}}