{"id":43233,"date":"2024-10-04T10:48:16","date_gmt":"2024-10-04T08:48:16","guid":{"rendered":"https:\/\/www.maquinariamarquez.com\/?page_id=43233"},"modified":"2026-01-22T11:52:43","modified_gmt":"2026-01-22T09:52:43","slug":"fresadoras-puente","status":"publish","type":"page","link":"https:\/\/www.maquinariamarquez.com\/pt-pt\/haitian-precision-hision\/fresadoras-puente\/","title":{"rendered":"Fresadoras Puente Haitian"},"content":{"rendered":"\n<div class=\"wp-block-group\"><div class=\"wp-block-group__inner-container is-layout-constrained wp-block-group-is-layout-constrained\">\n<div class=\"wp-block-group\"><div class=\"wp-block-group__inner-container is-layout-constrained wp-block-group-is-layout-constrained\">\n<figure class=\"wp-block-table\"><table class=\"has-fixed-layout\"><tbody><tr><td>MODELO<\/td><td class=\"has-text-align-center\" data-align=\"center\"><\/td><td class=\"has-text-align-center\" data-align=\"center\"><strong>DA1<\/strong>3<\/td><td>DA16<\/td><td>DA17<\/td><td class=\"has-text-align-center\" data-align=\"center\"><strong>DB20<\/strong><\/td><td class=\"has-text-align-center\" data-align=\"center\"><strong>DB28<\/strong><\/td><td class=\"has-text-align-center\" data-align=\"center\"><strong>DD28<\/strong><\/td><td class=\"has-text-align-center\" data-align=\"center\"><strong>DD32<\/strong><\/td><td class=\"has-text-align-center\" data-align=\"center\"><strong>DD36<\/strong><\/td><td class=\"has-text-align-center\" data-align=\"center\"><strong>DD42<\/strong><\/td><\/tr><tr><td>Distancia entre columnas<\/td><td class=\"has-text-align-center\" data-align=\"center\">mm<\/td><td class=\"has-text-align-center\" data-align=\"center\">1.300<\/td><td>1.600<\/td><td>1.700<\/td><td class=\"has-text-align-center\" data-align=\"center\">2.000<\/td><td class=\"has-text-align-center\" data-align=\"center\">2.800<\/td><td class=\"has-text-align-center\" data-align=\"center\">2.800<\/td><td class=\"has-text-align-center\" data-align=\"center\">3.200<\/td><td class=\"has-text-align-center\" data-align=\"center\">3.600 (4.200)<\/td><td class=\"has-text-align-center\" data-align=\"center\">4.200 (4.600)<\/td><\/tr><tr><td>Eje Y<\/td><td class=\"has-text-align-center\" data-align=\"center\">mm<\/td><td class=\"has-text-align-center\" data-align=\"center\">1.300<\/td><td>1.500<\/td><td>1.700<\/td><td class=\"has-text-align-center\" data-align=\"center\">2.000 (2.200)<\/td><td class=\"has-text-align-center\" data-align=\"center\">2.700 (3.200)<\/td><td class=\"has-text-align-center\" data-align=\"center\">2.700 (3.200)<\/td><td class=\"has-text-align-center\" data-align=\"center\">3.200 (3.600)<\/td><td class=\"has-text-align-center\" data-align=\"center\">3.600 (4.200) (4.600)<\/td><td class=\"has-text-align-center\" data-align=\"center\">3.600 (4.200) (4.600)<\/td><\/tr><tr><td>Ancho de mesa<\/td><td class=\"has-text-align-center\" data-align=\"center\">mm<\/td><td class=\"has-text-align-center\" data-align=\"center\">1.100<\/td><td>1.400<\/td><td>1.500<\/td><td class=\"has-text-align-center\" data-align=\"center\">1.800<\/td><td class=\"has-text-align-center\" data-align=\"center\">2.000 (2.500)<\/td><td class=\"has-text-align-center\" data-align=\"center\">2.000 (2.500)<\/td><td class=\"has-text-align-center\" data-align=\"center\">2.500<\/td><td class=\"has-text-align-center\" data-align=\"center\">3.000<\/td><td class=\"has-text-align-center\" data-align=\"center\">3.500<\/td><\/tr><\/tbody><\/table><\/figure>\n<\/div><\/div>\n<\/div><\/div>\n\n\n\n<p><\/p>\n\n\n\n<p>Haitian Precision nos ofrece diversos modelos de m\u00e1quinas <strong>fresadoras puente<\/strong> para ajustarse a la demanda de los clientes. Podemos encontrar estructuras de p\u00f3rtico de viga fija, viga m\u00f3vil, columna m\u00f3vil y otros modelos de p\u00f3rtico estructural.<\/p>\n\n\n\n<p>En Haitian Precision junto a Maquinaria M\u00e1rquez aplicamos el proyecto &#8216;llave en mano&#8217; para ofrecer un <strong>servicio 360<\/strong> de preventa, venta y postventa. De esta forma podemos ajustarnos a lo que necesita exactamente nuestro cliente y conseguir un resultado \u00f3ptimo y eficiente.<\/p>\n","protected":false},"excerpt":{"rendered":"<p>MODELO DA13 DA16 DA17 DB20 DB28 DD28 DD32 DD36 DD42 Distancia entre columnas mm 1.300 1.600 1.700 2.000 2.800 2.800 3.200 3.600 (4.200) 4.200 (4.600) Eje Y mm 1.300 1.500 1.700 2.000 (2.200) 2.700 (3.200) 2.700 (3.200) 3.200 (3.600) 3.600 (4.200) (4.600) 3.600 (4.200) (4.600) Ancho de mesa mm 1.100 1.400 1.500 1.800 2.000 (2.500) [&#8230;]<\/p>\n<p><a class=\"btn btn-primary understrap-read-more-link\" href=\"https:\/\/www.maquinariamarquez.com\/pt-pt\/haitian-precision-hision\/fresadoras-puente\/\">Veja detalhes<\/a><\/p>\n","protected":false},"author":8,"featured_media":43238,"parent":43073,"menu_order":19,"comment_status":"closed","ping_status":"closed","template":"page-templates\/template-page-maquina.php","meta":{"_acf_changed":false,"footnotes":""},"geolocalizacion":[66,68],"class_list":["post-43233","page","type-page","status-publish","has-post-thumbnail","hentry","geolocalizacion-portugal","geolocalizacion-europa"],"acf":[],"aioseo_notices":[],"_links":{"self":[{"href":"https:\/\/www.maquinariamarquez.com\/pt-pt\/wp-json\/wp\/v2\/pages\/43233","targetHints":{"allow":["GET"]}}],"collection":[{"href":"https:\/\/www.maquinariamarquez.com\/pt-pt\/wp-json\/wp\/v2\/pages"}],"about":[{"href":"https:\/\/www.maquinariamarquez.com\/pt-pt\/wp-json\/wp\/v2\/types\/page"}],"author":[{"embeddable":true,"href":"https:\/\/www.maquinariamarquez.com\/pt-pt\/wp-json\/wp\/v2\/users\/8"}],"replies":[{"embeddable":true,"href":"https:\/\/www.maquinariamarquez.com\/pt-pt\/wp-json\/wp\/v2\/comments?post=43233"}],"version-history":[{"count":35,"href":"https:\/\/www.maquinariamarquez.com\/pt-pt\/wp-json\/wp\/v2\/pages\/43233\/revisions"}],"predecessor-version":[{"id":55703,"href":"https:\/\/www.maquinariamarquez.com\/pt-pt\/wp-json\/wp\/v2\/pages\/43233\/revisions\/55703"}],"up":[{"embeddable":true,"href":"https:\/\/www.maquinariamarquez.com\/pt-pt\/wp-json\/wp\/v2\/pages\/43073"}],"wp:featuredmedia":[{"embeddable":true,"href":"https:\/\/www.maquinariamarquez.com\/pt-pt\/wp-json\/wp\/v2\/media\/43238"}],"wp:attachment":[{"href":"https:\/\/www.maquinariamarquez.com\/pt-pt\/wp-json\/wp\/v2\/media?parent=43233"}],"wp:term":[{"taxonomy":"geolocalizacion","embeddable":true,"href":"https:\/\/www.maquinariamarquez.com\/pt-pt\/wp-json\/wp\/v2\/geolocalizacion?post=43233"}],"curies":[{"name":"wp","href":"https:\/\/api.w.org\/{rel}","templated":true}]}}