{"id":43258,"date":"2024-06-21T09:30:28","date_gmt":"2024-06-21T07:30:28","guid":{"rendered":"https:\/\/www.maquinariamarquez.com\/?page_id=43258"},"modified":"2025-05-16T15:28:19","modified_gmt":"2025-05-16T13:28:19","slug":"centros-de-mecanizado-para-aluminio","status":"publish","type":"page","link":"https:\/\/www.maquinariamarquez.com\/pt-pt\/haitian-precision-hision\/centros-de-mecanizado-para-aluminio\/","title":{"rendered":"Centros de mecanizado para aluminio"},"content":{"rendered":"\n<p><strong>SERIE BFL<\/strong><\/p>\n\n\n\n<figure class=\"wp-block-table is-style-regular\"><table><tbody><tr><td class=\"has-text-align-left\" data-align=\"left\" colspan=\"2\"><\/td><td class=\"has-text-align-center\" data-align=\"center\"><strong>BFL2018<\/strong><\/td><td class=\"has-text-align-center\" data-align=\"center\"><strong>BFL2030<\/strong><\/td><td class=\"has-text-align-center\" data-align=\"center\"><strong>BFL2030H<\/strong><\/td><\/tr><tr><td class=\"has-text-align-left\" data-align=\"left\" colspan=\"5\"><strong>CAPACIDAD<\/strong><\/td><\/tr><tr><td class=\"has-text-align-left\" data-align=\"left\">Eje X<\/td><td class=\"has-text-align-center\" data-align=\"center\">mm<\/td><td class=\"has-text-align-center\" data-align=\"center\">1800<\/td><td class=\"has-text-align-center\" data-align=\"center\">3000<\/td><td class=\"has-text-align-center\" data-align=\"center\">3300<\/td><\/tr><tr><td class=\"has-text-align-left\" data-align=\"left\">Eje Y<\/td><td class=\"has-text-align-center\" data-align=\"center\">mm<\/td><td class=\"has-text-align-center\" data-align=\"center\">2000<\/td><td class=\"has-text-align-center\" data-align=\"center\">2000<\/td><td class=\"has-text-align-center\" data-align=\"center\">2000<\/td><\/tr><tr><td class=\"has-text-align-left\" data-align=\"left\">Eje Z<\/td><td class=\"has-text-align-center\" data-align=\"center\">mm<\/td><td class=\"has-text-align-center\" data-align=\"center\">700<\/td><td class=\"has-text-align-center\" data-align=\"center\">700<\/td><td class=\"has-text-align-center\" data-align=\"center\">900<\/td><\/tr><tr><td class=\"has-text-align-left\" data-align=\"left\">Distancia entre columnas<\/td><td class=\"has-text-align-center\" data-align=\"center\">mm<\/td><td class=\"has-text-align-center\" data-align=\"center\">2050<\/td><td class=\"has-text-align-center\" data-align=\"center\">2050<\/td><td class=\"has-text-align-center\" data-align=\"center\">2050<\/td><\/tr><tr><td class=\"has-text-align-left\" data-align=\"left\">Distancia husillo a mesa<\/td><td class=\"has-text-align-center\" data-align=\"center\">mm<\/td><td class=\"has-text-align-center\" data-align=\"center\">250-950<\/td><td class=\"has-text-align-center\" data-align=\"center\">250-950<\/td><td class=\"has-text-align-center\" data-align=\"center\">250-1150<\/td><\/tr><tr><td class=\"has-text-align-left\" data-align=\"left\" colspan=\"5\"><strong>MESA<\/strong><\/td><\/tr><tr><td class=\"has-text-align-left\" data-align=\"left\">Superficie<\/td><td class=\"has-text-align-center\" data-align=\"center\">mm<\/td><td class=\"has-text-align-center\" data-align=\"center\">2000&#215;1800<\/td><td class=\"has-text-align-center\" data-align=\"center\">2000&#215;3000<\/td><td class=\"has-text-align-center\" data-align=\"center\">\u00f8630*<\/td><\/tr><tr><td class=\"has-text-align-left\" data-align=\"left\">Capacidad<\/td><td class=\"has-text-align-center\" data-align=\"center\">kg<\/td><td class=\"has-text-align-center\" data-align=\"center\">3500<\/td><td class=\"has-text-align-center\" data-align=\"center\">6000<\/td><td class=\"has-text-align-center\" data-align=\"center\">1200*<\/td><\/tr><\/tbody><\/table><figcaption class=\"wp-element-caption\">*Mesa rotatoria opcional<\/figcaption><\/figure>\n\n\n\n<p><strong>SERIE CHM<\/strong><\/p>\n\n\n\n<figure class=\"wp-block-table\"><table><tbody><tr><td class=\"has-text-align-left\" data-align=\"left\" colspan=\"2\"><\/td><td class=\"has-text-align-center\" data-align=\"center\"><strong>CHM55020<\/strong><\/td><td class=\"has-text-align-center\" data-align=\"center\"><strong>CHM55025<\/strong><\/td><td class=\"has-text-align-center\" data-align=\"center\"><strong>CHM7025B<\/strong><\/td><\/tr><tr><td class=\"has-text-align-left\" data-align=\"left\" colspan=\"5\"><strong>CAPACIDAD<\/strong><\/td><\/tr><tr><td class=\"has-text-align-left\" data-align=\"left\">Eje X<\/td><td class=\"has-text-align-center\" data-align=\"center\">mm<\/td><td class=\"has-text-align-center\" data-align=\"center\">2050<\/td><td class=\"has-text-align-center\" data-align=\"center\">2550<\/td><td class=\"has-text-align-center\" data-align=\"center\">2550<\/td><\/tr><tr><td class=\"has-text-align-left\" data-align=\"left\">Eje Y<\/td><td class=\"has-text-align-center\" data-align=\"center\">mm<\/td><td class=\"has-text-align-center\" data-align=\"center\">550<\/td><td class=\"has-text-align-center\" data-align=\"center\">550<\/td><td class=\"has-text-align-center\" data-align=\"center\">700<\/td><\/tr><tr><td class=\"has-text-align-left\" data-align=\"left\">Eje Z<\/td><td class=\"has-text-align-center\" data-align=\"center\">mm<\/td><td class=\"has-text-align-center\" data-align=\"center\">520<\/td><td class=\"has-text-align-center\" data-align=\"center\">520<\/td><td class=\"has-text-align-center\" data-align=\"center\">700<\/td><\/tr><tr><td class=\"has-text-align-left\" data-align=\"left\">Distancia husillo a mesa<\/td><td class=\"has-text-align-center\" data-align=\"center\">mm<\/td><td class=\"has-text-align-center\" data-align=\"center\">250-770<\/td><td class=\"has-text-align-center\" data-align=\"center\">250-770<\/td><td class=\"has-text-align-center\" data-align=\"center\">350-1050<\/td><\/tr><tr><td class=\"has-text-align-left\" data-align=\"left\" colspan=\"5\"><strong>MESA<\/strong><\/td><\/tr><tr><td class=\"has-text-align-left\" data-align=\"left\">Superficie<\/td><td class=\"has-text-align-center\" data-align=\"center\">mm<\/td><td class=\"has-text-align-center\" data-align=\"center\">550X2500<\/td><td class=\"has-text-align-center\" data-align=\"center\">550X3000<\/td><td class=\"has-text-align-center\" data-align=\"center\">650X3000<\/td><\/tr><tr><td class=\"has-text-align-left\" data-align=\"left\">Capacidad<\/td><td class=\"has-text-align-center\" data-align=\"center\">kg<\/td><td class=\"has-text-align-center\" data-align=\"center\">1000<\/td><td class=\"has-text-align-center\" data-align=\"center\">1000<\/td><td class=\"has-text-align-center\" data-align=\"center\">1000<\/td><\/tr><\/tbody><\/table><\/figure>\n\n\n\n<p>Haitian Precision dispone de la <strong>maquinaria para aluminio<\/strong> m\u00e1s avanzada en el sector. Se caracterizan por un alto grado de autonom\u00eda, alta eficiencia y gran calidad en su producci\u00f3n. <\/p>\n\n\n\n<p>Con la creciente demanda del desarrollo ligero en la automoci\u00f3n, y la promoci\u00f3n y aplicaci\u00f3n de la fundici\u00f3n a presi\u00f3n de aluminio, Haitian Precision se ha especializado en los <strong>centros de mecanizado para aluminio<\/strong>. Su experiencia en la industria de la m\u00e1quina herramienta y en las diferentes aplicaciones industriales le ha permitido lanzar cinco series de equipos de procesamiento de alta eficiencia. <\/p>\n\n\n\n<ul class=\"wp-block-list\">\n<li>Los <strong>centros de mecanizado vertical CFV<\/strong> son muy adecuados para el mecanizado de piezas de automoci\u00f3n a alta velocidad y alta precisi\u00f3n. <\/li>\n\n\n\n<li>La serie <strong>CFV Lite<\/strong> se centra en el eficiente procesado de filtros 5G y carcasas de control electr\u00f3nico para veh\u00edculos el\u00e9ctricos.<\/li>\n\n\n\n<li>Los <strong>centros de mecanizado horizontal<\/strong> de la serie <strong>HPCII<\/strong> son especialistas en el mecanizado de alta precisi\u00f3n para piezas de automoci\u00f3n en general y piezas de fundici\u00f3n a presi\u00f3n de gran tama\u00f1o.<\/li>\n\n\n\n<li>Las <strong>fresadoras puentes<\/strong> de la serie <strong>BEL\/BFL<\/strong> se especializan en el procesamiento de grandes piezas estructurales de aleaci\u00f3n de aluminio con alta eficiencia.<\/li>\n\n\n\n<li>Los <strong>centros de mecanizado vertical de largo recorrido CHM<\/strong> son adecuados para el procesamiento eficiente de aleaciones de aluminio en tiras.<\/li>\n<\/ul>\n\n\n","protected":false},"excerpt":{"rendered":"<p>SERIE BFL BFL2018 BFL2030 BFL2030H CAPACIDAD Eje X mm 1800 3000 3300 Eje Y mm 2000 2000 2000 Eje Z mm 700 700 900 Distancia entre columnas mm 2050 2050 2050 Distancia husillo a mesa mm 250-950 250-950 250-1150 MESA Superficie mm 2000&#215;1800 2000&#215;3000 \u00f8630* Capacidad kg 3500 6000 1200* *Mesa rotatoria opcional SERIE CHM [&#8230;]<\/p>\n<p><a class=\"btn btn-primary understrap-read-more-link\" href=\"https:\/\/www.maquinariamarquez.com\/pt-pt\/haitian-precision-hision\/centros-de-mecanizado-para-aluminio\/\">Veja detalhes<\/a><\/p>\n","protected":false},"author":8,"featured_media":43142,"parent":43073,"menu_order":16,"comment_status":"closed","ping_status":"closed","template":"page-templates\/template-page-maquina.php","meta":{"_acf_changed":false,"footnotes":""},"geolocalizacion":[66,68],"class_list":["post-43258","page","type-page","status-publish","has-post-thumbnail","hentry","geolocalizacion-portugal","geolocalizacion-europa"],"acf":[],"aioseo_notices":[],"_links":{"self":[{"href":"https:\/\/www.maquinariamarquez.com\/pt-pt\/wp-json\/wp\/v2\/pages\/43258","targetHints":{"allow":["GET"]}}],"collection":[{"href":"https:\/\/www.maquinariamarquez.com\/pt-pt\/wp-json\/wp\/v2\/pages"}],"about":[{"href":"https:\/\/www.maquinariamarquez.com\/pt-pt\/wp-json\/wp\/v2\/types\/page"}],"author":[{"embeddable":true,"href":"https:\/\/www.maquinariamarquez.com\/pt-pt\/wp-json\/wp\/v2\/users\/8"}],"replies":[{"embeddable":true,"href":"https:\/\/www.maquinariamarquez.com\/pt-pt\/wp-json\/wp\/v2\/comments?post=43258"}],"version-history":[{"count":27,"href":"https:\/\/www.maquinariamarquez.com\/pt-pt\/wp-json\/wp\/v2\/pages\/43258\/revisions"}],"predecessor-version":[{"id":50776,"href":"https:\/\/www.maquinariamarquez.com\/pt-pt\/wp-json\/wp\/v2\/pages\/43258\/revisions\/50776"}],"up":[{"embeddable":true,"href":"https:\/\/www.maquinariamarquez.com\/pt-pt\/wp-json\/wp\/v2\/pages\/43073"}],"wp:featuredmedia":[{"embeddable":true,"href":"https:\/\/www.maquinariamarquez.com\/pt-pt\/wp-json\/wp\/v2\/media\/43142"}],"wp:attachment":[{"href":"https:\/\/www.maquinariamarquez.com\/pt-pt\/wp-json\/wp\/v2\/media?parent=43258"}],"wp:term":[{"taxonomy":"geolocalizacion","embeddable":true,"href":"https:\/\/www.maquinariamarquez.com\/pt-pt\/wp-json\/wp\/v2\/geolocalizacion?post=43258"}],"curies":[{"name":"wp","href":"https:\/\/api.w.org\/{rel}","templated":true}]}}