{"id":43649,"date":"2024-06-21T09:24:45","date_gmt":"2024-06-21T07:24:45","guid":{"rendered":"https:\/\/www.maquinariamarquez.com\/?page_id=43649"},"modified":"2025-08-05T09:31:26","modified_gmt":"2025-08-05T07:31:26","slug":"centro-de-mecanizado-doble-columna-haitian","status":"publish","type":"page","link":"https:\/\/www.maquinariamarquez.com\/pt-pt\/haitian-precision-hision\/centro-de-mecanizado-doble-columna-haitian\/","title":{"rendered":"Centro de mecanizado doble columna Haitian"},"content":{"rendered":"\n<p><strong>SERIE DA<\/strong><\/p>\n\n\n\n<figure class=\"wp-block-table\"><table><tbody><tr><td class=\"has-text-align-left\" data-align=\"left\" colspan=\"2\"><\/td><td class=\"has-text-align-center\" data-align=\"center\"><strong><strong>DAI6L7<\/strong><\/strong><\/td><td class=\"has-text-align-center\" data-align=\"center\"><strong><strong>DAI6L7Q<\/strong><\/strong><\/td><td class=\"has-text-align-center\" data-align=\"center\"><strong><strong>DAI7L8<\/strong><\/strong><\/td><td class=\"has-text-align-center\" data-align=\"center\"><strong><strong>DAI7L8Q<\/strong><\/strong><\/td><\/tr><tr><td class=\"has-text-align-left\" data-align=\"left\" colspan=\"7\"><strong>CAPACIDAD<\/strong><\/td><\/tr><tr><td class=\"has-text-align-left\" data-align=\"left\"><strong>Eje X<\/strong><\/td><td class=\"has-text-align-center\" data-align=\"center\">mm<\/td><td class=\"has-text-align-center\" data-align=\"center\">1300<\/td><td class=\"has-text-align-center\" data-align=\"center\">1300<\/td><td class=\"has-text-align-center\" data-align=\"center\">1500<\/td><td class=\"has-text-align-center\" data-align=\"center\">1500<\/td><\/tr><tr><td class=\"has-text-align-left\" data-align=\"left\"><strong>Eje Y<\/strong><\/td><td class=\"has-text-align-center\" data-align=\"center\">mm<\/td><td class=\"has-text-align-center\" data-align=\"center\">700<\/td><td class=\"has-text-align-center\" data-align=\"center\">700<\/td><td class=\"has-text-align-center\" data-align=\"center\">850<\/td><td class=\"has-text-align-center\" data-align=\"center\">850<\/td><\/tr><tr><td class=\"has-text-align-left\" data-align=\"left\"><strong>Eje Z<\/strong><\/td><td class=\"has-text-align-center\" data-align=\"center\">mm<\/td><td class=\"has-text-align-center\" data-align=\"center\">700<\/td><td class=\"has-text-align-center\" data-align=\"center\">700<\/td><td class=\"has-text-align-center\" data-align=\"center\">700<\/td><td class=\"has-text-align-center\" data-align=\"center\">700<\/td><\/tr><tr><td class=\"has-text-align-left\" data-align=\"left\"><strong>Distancia entre puntos<\/strong><\/td><td class=\"has-text-align-center\" data-align=\"center\">mm<\/td><td class=\"has-text-align-center\" data-align=\"center\">1570<\/td><td class=\"has-text-align-center\" data-align=\"center\">1570<\/td><td class=\"has-text-align-center\" data-align=\"center\">1670<\/td><td class=\"has-text-align-center\" data-align=\"center\">1670<\/td><\/tr><tr><td class=\"has-text-align-left\" data-align=\"left\"><strong>Distancia husillo a mesa<\/strong><\/td><td class=\"has-text-align-center\" data-align=\"center\">mm<\/td><td class=\"has-text-align-center\" data-align=\"center\">205-905<\/td><td class=\"has-text-align-center\" data-align=\"center\">150-850<\/td><td class=\"has-text-align-center\" data-align=\"center\">205-905<\/td><td class=\"has-text-align-center\" data-align=\"center\">150-850<\/td><\/tr><tr><td class=\"has-text-align-left\" data-align=\"left\" colspan=\"7\"><strong>MESA<\/strong><\/td><\/tr><tr><td class=\"has-text-align-left\" data-align=\"left\"><strong>Superficie<\/strong><\/td><td class=\"has-text-align-center\" data-align=\"center\">mm<\/td><td class=\"has-text-align-center\" data-align=\"center\">1400&#215;700<\/td><td class=\"has-text-align-center\" data-align=\"center\">1400&#215;700<\/td><td class=\"has-text-align-center\" data-align=\"center\">1500&#215;850<\/td><td class=\"has-text-align-center\" data-align=\"center\">1500&#215;850<\/td><\/tr><tr><td class=\"has-text-align-left\" data-align=\"left\"><strong>Capacidad<\/strong><\/td><td class=\"has-text-align-center\" data-align=\"center\">kg<\/td><td class=\"has-text-align-center\" data-align=\"center\">2000<\/td><td class=\"has-text-align-center\" data-align=\"center\">2000<\/td><td class=\"has-text-align-center\" data-align=\"center\">3000<\/td><td class=\"has-text-align-center\" data-align=\"center\">3000<\/td><\/tr><tr><td class=\"has-text-align-left\" data-align=\"left\" colspan=\"7\"><strong>HUSILLO<\/strong><\/td><\/tr><tr><td class=\"has-text-align-left\" data-align=\"left\"><strong>Potencia<\/strong><\/td><td class=\"has-text-align-center\" data-align=\"center\">kW<\/td><td class=\"has-text-align-center\" data-align=\"center\">15\/18.5<\/td><td class=\"has-text-align-center\" data-align=\"center\">15\/18.5<\/td><td class=\"has-text-align-center\" data-align=\"center\">15\/18.5<\/td><td class=\"has-text-align-center\" data-align=\"center\">15\/18.5<\/td><\/tr><tr><td class=\"has-text-align-left\" data-align=\"left\"><strong>Velocidad<\/strong><\/td><td class=\"has-text-align-center\" data-align=\"center\">rpm<\/td><td class=\"has-text-align-center\" data-align=\"center\">6000<\/td><td class=\"has-text-align-center\" data-align=\"center\">6000<\/td><td class=\"has-text-align-center\" data-align=\"center\">6000<\/td><td class=\"has-text-align-center\" data-align=\"center\">6000<\/td><\/tr><tr><td class=\"has-text-align-left\" data-align=\"left\"><strong>Par<\/strong><\/td><td class=\"has-text-align-center\" data-align=\"center\">Nm<\/td><td class=\"has-text-align-center\" data-align=\"center\">316\/522<\/td><td class=\"has-text-align-center\" data-align=\"center\">182\/224<\/td><td class=\"has-text-align-center\" data-align=\"center\">316\/522<\/td><td class=\"has-text-align-center\" data-align=\"center\">182\/224<\/td><\/tr><\/tbody><\/table><\/figure>\n\n\n\n<p>Los <strong>centros de mecanizado verticales de doble columna Haitian<\/strong> se denominan con la serie DA. Estas m\u00e1quinas heredan las ventajas de la estructura de las fresadoras puente o Gantry: gran rigidez, estructura sim\u00e9trica y una gran estabilidad. Los sectores en los que se aplican estos centros son la construcci\u00f3n, automoci\u00f3n, moldes, industria del pl\u00e1stico, etc.<\/p>\n\n\n\n<p>Mediante un exhaustivo an\u00e1lisis optimiza la estructura de los componentes b\u00e1sicos, mejora el rendimiento din\u00e1mico y obtiene una combinaci\u00f3n perfecta de <strong>alta potencia, eficiencia y precisi\u00f3n<\/strong>.<\/p>\n","protected":false},"excerpt":{"rendered":"<p>SERIE DA DAI6L7 DAI6L7Q DAI7L8 DAI7L8Q CAPACIDAD Eje X mm 1300 1300 1500 1500 Eje Y mm 700 700 850 850 Eje Z mm 700 700 700 700 Distancia entre puntos mm 1570 1570 1670 1670 Distancia husillo a mesa mm 205-905 150-850 205-905 150-850 MESA Superficie mm 1400&#215;700 1400&#215;700 1500&#215;850 1500&#215;850 Capacidad kg 2000 [&#8230;]<\/p>\n<p><a class=\"btn btn-primary understrap-read-more-link\" href=\"https:\/\/www.maquinariamarquez.com\/pt-pt\/haitian-precision-hision\/centro-de-mecanizado-doble-columna-haitian\/\">Veja detalhes<\/a><\/p>\n","protected":false},"author":8,"featured_media":43634,"parent":43073,"menu_order":13,"comment_status":"closed","ping_status":"closed","template":"page-templates\/template-page-maquina.php","meta":{"_acf_changed":false,"footnotes":""},"geolocalizacion":[66,68],"class_list":["post-43649","page","type-page","status-publish","has-post-thumbnail","hentry","geolocalizacion-portugal","geolocalizacion-europa"],"acf":[],"aioseo_notices":[],"_links":{"self":[{"href":"https:\/\/www.maquinariamarquez.com\/pt-pt\/wp-json\/wp\/v2\/pages\/43649","targetHints":{"allow":["GET"]}}],"collection":[{"href":"https:\/\/www.maquinariamarquez.com\/pt-pt\/wp-json\/wp\/v2\/pages"}],"about":[{"href":"https:\/\/www.maquinariamarquez.com\/pt-pt\/wp-json\/wp\/v2\/types\/page"}],"author":[{"embeddable":true,"href":"https:\/\/www.maquinariamarquez.com\/pt-pt\/wp-json\/wp\/v2\/users\/8"}],"replies":[{"embeddable":true,"href":"https:\/\/www.maquinariamarquez.com\/pt-pt\/wp-json\/wp\/v2\/comments?post=43649"}],"version-history":[{"count":30,"href":"https:\/\/www.maquinariamarquez.com\/pt-pt\/wp-json\/wp\/v2\/pages\/43649\/revisions"}],"predecessor-version":[{"id":52960,"href":"https:\/\/www.maquinariamarquez.com\/pt-pt\/wp-json\/wp\/v2\/pages\/43649\/revisions\/52960"}],"up":[{"embeddable":true,"href":"https:\/\/www.maquinariamarquez.com\/pt-pt\/wp-json\/wp\/v2\/pages\/43073"}],"wp:featuredmedia":[{"embeddable":true,"href":"https:\/\/www.maquinariamarquez.com\/pt-pt\/wp-json\/wp\/v2\/media\/43634"}],"wp:attachment":[{"href":"https:\/\/www.maquinariamarquez.com\/pt-pt\/wp-json\/wp\/v2\/media?parent=43649"}],"wp:term":[{"taxonomy":"geolocalizacion","embeddable":true,"href":"https:\/\/www.maquinariamarquez.com\/pt-pt\/wp-json\/wp\/v2\/geolocalizacion?post=43649"}],"curies":[{"name":"wp","href":"https:\/\/api.w.org\/{rel}","templated":true}]}}