{"id":53242,"date":"2025-08-20T11:08:16","date_gmt":"2025-08-20T09:08:16","guid":{"rendered":"https:\/\/www.maquinariamarquez.com\/?page_id=53242"},"modified":"2025-08-22T08:54:37","modified_gmt":"2025-08-22T06:54:37","slug":"centros-de-mecanizado-vertical-haitian","status":"publish","type":"page","link":"https:\/\/www.maquinariamarquez.com\/pt-pt\/centros-de-mecanizado-vertical-haitian\/","title":{"rendered":"CENTROS DE MECANIZADO VERTICAL HAITIAN"},"content":{"rendered":"\n<figure class=\"wp-block-image size-full\"><img alt=\"CENTROS DE MECANIZADO VERTICAL HAITIAN\" loading=\"lazy\" decoding=\"async\" width=\"1280\" height=\"2560\" src=\"https:\/\/www.maquinariamarquez.com\/wp-content\/uploads\/2025\/08\/Centros-verticales-Haitian-1-1-scaled.png\" alt=\"\" class=\"wp-image-53260\" srcset=\"https:\/\/www.maquinariamarquez.com\/wp-content\/uploads\/2025\/08\/Centros-verticales-Haitian-1-1-scaled.png 1280w, https:\/\/www.maquinariamarquez.com\/wp-content\/uploads\/2025\/08\/Centros-verticales-Haitian-1-1-150x300.png 150w\" sizes=\"auto, (max-width: 1280px) 100vw, 1280px\" \/><\/figure>\n\n\n\n<p>Ll\u00e1manos y te ayudaremos a configurar la mejor opci\u00f3n para tus necesidades o si lo prefieres d\u00e9janos tus datos y te contactaremos.<\/p>\n\n\n<style id=\"wpforms-css-vars-51932-block-5d2315a1-a82f-486a-af41-777d0205f116\">\n\t\t\t\t#wpforms-51932.wpforms-block-5d2315a1-a82f-486a-af41-777d0205f116 {\n\t\t\t\t--wpforms-label-color: #262626;\n--wpforms-label-sublabel-color: #7f7f7f;\n--wpforms-label-error-color: #ff0000;\n--wpforms-page-break-color: #dddddd;\n--wpforms-field-border-radius: 0px;\n--wpforms-field-border-color: #cccccc;\n--wpforms-field-border-color-spare: #cccccc;\n--wpforms-field-text-color: #444444;\n--wpforms-button-border-style: solid;\n--wpforms-button-border-radius: 0px;\n--wpforms-button-background-color: #dddddd;\n--wpforms-button-text-color: #666666;\n--wpforms-button-border-color: #cccccc;\n--wpforms-field-size-input-height: 43px;\n--wpforms-field-size-input-spacing: 15px;\n--wpforms-field-size-font-size: 16px;\n--wpforms-field-size-line-height: 19px;\n--wpforms-field-size-padding-h: 14px;\n--wpforms-field-size-checkbox-size: 16px;\n--wpforms-field-size-sublabel-spacing: 5px;\n--wpforms-field-size-icon-size: 1;\n--wpforms-label-size-font-size: 16px;\n--wpforms-label-size-line-height: 19px;\n--wpforms-label-size-sublabel-font-size: 14px;\n--wpforms-label-size-sublabel-line-height: 17px;\n--wpforms-button-size-font-size: 17px;\n--wpforms-button-size-height: 41px;\n--wpforms-button-size-padding-h: 15px;\n--wpforms-button-size-margin-top: 10px;\n\t\t\t}\n\t\t\t<\/style><div class=\"wpforms-container wpforms-container-full wpforms-block wpforms-block-5d2315a1-a82f-486a-af41-777d0205f116 wpforms-render-modern\" id=\"wpforms-51932\"><form id=\"wpforms-form-51932\" class=\"wpforms-validate wpforms-form wpforms-ajax-form\" data-formid=\"51932\" method=\"post\" enctype=\"multipart\/form-data\" action=\"\/pt-pt\/wp-json\/wp\/v2\/pages\/53242\" data-token=\"2326d2f4d7e88cf7fb1cee1d2859540b\" data-token-time=\"1777476725\"><noscript class=\"wpforms-error-noscript\">Please enable JavaScript in your browser to complete this form.<\/noscript><div id=\"wpforms-error-noscript\" style=\"display: none;\">Please enable JavaScript in your browser to complete this form.<\/div><div class=\"wpforms-field-container\"><div id=\"wpforms-51932-field_0-container\" class=\"wpforms-field wpforms-field-name\" data-field-id=\"0\"><label class=\"wpforms-field-label\" for=\"wpforms-51932-field_0\">NOMBRE <span class=\"wpforms-required-label\" aria-hidden=\"true\">*<\/span><\/label><input type=\"text\" id=\"wpforms-51932-field_0\" class=\"wpforms-field-large wpforms-field-required\" name=\"wpforms[fields][0]\" aria-errormessage=\"wpforms-51932-field_0-error\" required><\/div><div id=\"wpforms-51932-field_1-container\" class=\"wpforms-field wpforms-field-email\" data-field-id=\"1\"><label class=\"wpforms-field-label\" for=\"wpforms-51932-field_1\">EMAIL <span class=\"wpforms-required-label\" aria-hidden=\"true\">*<\/span><\/label><input type=\"email\" id=\"wpforms-51932-field_1\" class=\"wpforms-field-large wpforms-field-required\" name=\"wpforms[fields][1]\" spellcheck=\"false\" aria-errormessage=\"wpforms-51932-field_1-error\" required><\/div><div id=\"wpforms-51932-field_4-container\" class=\"wpforms-field wpforms-field-text\" data-field-id=\"4\"><label class=\"wpforms-field-label\" for=\"wpforms-51932-field_4\">TEL\u00c9FONO <span class=\"wpforms-required-label\" aria-hidden=\"true\">*<\/span><\/label><input type=\"text\" id=\"wpforms-51932-field_4\" class=\"wpforms-field-large wpforms-field-required\" name=\"wpforms[fields][4]\" aria-errormessage=\"wpforms-51932-field_4-error\" required><\/div><div id=\"wpforms-51932-field_5-container\" class=\"wpforms-field wpforms-field-textarea\" data-field-id=\"5\"><label class=\"wpforms-field-label\" for=\"wpforms-51932-field_5\">COMENTARIOS <span class=\"wpforms-required-label\" aria-hidden=\"true\">*<\/span><\/label><textarea id=\"wpforms-51932-field_5\" class=\"wpforms-field-medium wpforms-field-required\" name=\"wpforms[fields][5]\" aria-errormessage=\"wpforms-51932-field_5-error\" required><\/textarea><\/div><\/div><!-- .wpforms-field-container --><div class=\"wpforms-submit-container\" ><input type=\"hidden\" name=\"wpforms[id]\" value=\"51932\"><input type=\"hidden\" name=\"page_title\" value=\"\"><input type=\"hidden\" name=\"page_url\" value=\"https:\/\/www.maquinariamarquez.com\/pt-pt\/wp-json\/wp\/v2\/pages\/53242\"><input type=\"hidden\" name=\"url_referer\" value=\"\"><button type=\"submit\" name=\"wpforms[submit]\" id=\"wpforms-submit-51932\" class=\"wpforms-submit\" data-alt-text=\"Enviando...\" data-submit-text=\"ENVIAR\" aria-live=\"assertive\" value=\"wpforms-submit\">ENVIAR<\/button><img loading=\"lazy\" decoding=\"async\" src=\"https:\/\/www.maquinariamarquez.com\/wp-content\/plugins\/wpforms-lite\/assets\/images\/submit-spin.svg\" class=\"wpforms-submit-spinner\" style=\"display: none;\" width=\"26\" height=\"26\" alt=\"Loading\"><\/div><\/form><\/div>  <!-- .wpforms-container -->\n\n\n<p>Ll\u00e1manos al <strong><a href=\"tel:+34976571213\" target=\"_blank\" rel=\"noreferrer noopener\">+34 976 57 12 13<\/a><\/strong><br>Env\u00edanos un email a<strong> <a href=\"mailto:info@maquinariamarquez.com\" target=\"_blank\" rel=\"noreferrer noopener\">info@maquinariamarquez.com<\/a><\/strong><br>M\u00e1s informaci\u00f3n en <strong><a href=\"https:\/\/www.maquinariamarquez.com\/mandrinadora-tos-varnsdorf\/mandrinadoras\/mandrinadora-fresadora-en-cruz-whn-13-cnc-whn-15-cnc\/\" target=\"_blank\" rel=\"noreferrer noopener\">www.maquinariamarquez.com<\/a><\/strong><\/p>\n\n\n\n<p><\/p>\n","protected":false},"excerpt":{"rendered":"<p>Ll\u00e1manos y te ayudaremos a configurar la mejor opci\u00f3n para tus necesidades o si lo prefieres d\u00e9janos tus datos y te contactaremos. Ll\u00e1manos al +34 976 57 12 13Env\u00edanos un email a info@maquinariamarquez.comM\u00e1s informaci\u00f3n en www.maquinariamarquez.com<\/p>\n<p><a class=\"btn btn-primary understrap-read-more-link\" href=\"https:\/\/www.maquinariamarquez.com\/pt-pt\/centros-de-mecanizado-vertical-haitian\/\">Leia mais<\/a><\/p>\n","protected":false},"author":8,"featured_media":0,"parent":0,"menu_order":3,"comment_status":"closed","ping_status":"closed","template":"page-templates\/landing.php","meta":{"_acf_changed":false,"footnotes":""},"geolocalizacion":[402,67,66,68],"class_list":["post-53242","page","type-page","status-publish","hentry","geolocalizacion-chile","geolocalizacion-latino","geolocalizacion-portugal","geolocalizacion-europa"],"acf":[],"aioseo_notices":[],"_links":{"self":[{"href":"https:\/\/www.maquinariamarquez.com\/pt-pt\/wp-json\/wp\/v2\/pages\/53242","targetHints":{"allow":["GET"]}}],"collection":[{"href":"https:\/\/www.maquinariamarquez.com\/pt-pt\/wp-json\/wp\/v2\/pages"}],"about":[{"href":"https:\/\/www.maquinariamarquez.com\/pt-pt\/wp-json\/wp\/v2\/types\/page"}],"author":[{"embeddable":true,"href":"https:\/\/www.maquinariamarquez.com\/pt-pt\/wp-json\/wp\/v2\/users\/8"}],"replies":[{"embeddable":true,"href":"https:\/\/www.maquinariamarquez.com\/pt-pt\/wp-json\/wp\/v2\/comments?post=53242"}],"version-history":[{"count":5,"href":"https:\/\/www.maquinariamarquez.com\/pt-pt\/wp-json\/wp\/v2\/pages\/53242\/revisions"}],"predecessor-version":[{"id":53315,"href":"https:\/\/www.maquinariamarquez.com\/pt-pt\/wp-json\/wp\/v2\/pages\/53242\/revisions\/53315"}],"wp:attachment":[{"href":"https:\/\/www.maquinariamarquez.com\/pt-pt\/wp-json\/wp\/v2\/media?parent=53242"}],"wp:term":[{"taxonomy":"geolocalizacion","embeddable":true,"href":"https:\/\/www.maquinariamarquez.com\/pt-pt\/wp-json\/wp\/v2\/geolocalizacion?post=53242"}],"curies":[{"name":"wp","href":"https:\/\/api.w.org\/{rel}","templated":true}]}}