{"id":55009,"date":"2025-12-09T13:41:33","date_gmt":"2025-12-09T11:41:33","guid":{"rendered":"https:\/\/www.maquinariamarquez.com\/?page_id=55009"},"modified":"2025-12-09T13:46:02","modified_gmt":"2025-12-09T11:46:02","slug":"serie-s-bnc-425-475","status":"publish","type":"page","link":"https:\/\/www.maquinariamarquez.com\/pt-pt\/centros-mecanizado-startech-machinery\/tornos-paralelos-cnc\/serie-s-bnc-425-475\/","title":{"rendered":"Serie S. BNC 425-475"},"content":{"rendered":"<table style=\"font-weight: 400;\" data-tablestyle=\"MsoNormalTable\" data-tablelook=\"1184\" aria-rowcount=\"33\">\n<tbody>\n<tr aria-rowindex=\"1\">\n<td colspan=\"2\" data-celllook=\"4369\"><span data-ccp-props=\"{&quot;201341983&quot;:0,&quot;335559739&quot;:0,&quot;335559740&quot;:240}\">&nbsp;<\/span><\/td>\n<td colspan=\"2\" data-celllook=\"4369\">\n<p style=\"text-align: center;\"><b><span data-contrast=\"auto\">BNC 475<\/span><\/b><span data-ccp-props=\"{&quot;201341983&quot;:0,&quot;335551550&quot;:2,&quot;335551620&quot;:2,&quot;335559739&quot;:0,&quot;335559740&quot;:240}\">&nbsp;<\/span><\/p>\n<\/td>\n<\/tr>\n<tr aria-rowindex=\"2\">\n<td colspan=\"4\" data-celllook=\"4369\"><b><span data-contrast=\"auto\">CAPACIDAD<\/span><\/b><span data-ccp-props=\"{&quot;201341983&quot;:0,&quot;335559739&quot;:0,&quot;335559740&quot;:240}\">&nbsp;<\/span><\/td>\n<\/tr>\n<tr aria-rowindex=\"3\">\n<td data-celllook=\"4369\"><span data-contrast=\"auto\">Di\u00e1metro sobre bancada<\/span><span data-ccp-props=\"{&quot;201341983&quot;:0,&quot;335559739&quot;:0,&quot;335559740&quot;:240}\">&nbsp;<\/span><\/td>\n<td data-celllook=\"4369\">\n<p style=\"text-align: center;\"><span data-contrast=\"auto\">mm<\/span><span data-ccp-props=\"{&quot;201341983&quot;:0,&quot;335551550&quot;:2,&quot;335551620&quot;:2,&quot;335559739&quot;:0,&quot;335559740&quot;:240}\">&nbsp;<\/span><\/p>\n<\/td>\n<td colspan=\"2\" data-celllook=\"4369\">\n<p style=\"text-align: center;\"><span data-contrast=\"auto\">475<\/span><span data-ccp-props=\"{&quot;201341983&quot;:0,&quot;335551550&quot;:2,&quot;335551620&quot;:2,&quot;335559739&quot;:0,&quot;335559740&quot;:240}\">&nbsp;<\/span><\/p>\n<\/td>\n<\/tr>\n<tr aria-rowindex=\"4\">\n<td data-celllook=\"69905\">\n<p style=\"text-align: left;\"><span data-contrast=\"auto\">Di\u00e1metro sobre carro<\/span><span data-ccp-props=\"{&quot;201341983&quot;:0,&quot;335559739&quot;:0,&quot;335559740&quot;:240}\">&nbsp;<\/span><\/p>\n<\/td>\n<td style=\"text-align: center;\" data-celllook=\"69905\"><span data-contrast=\"auto\">mm<\/span><span data-ccp-props=\"{&quot;201341983&quot;:0,&quot;335551550&quot;:2,&quot;335551620&quot;:2,&quot;335559739&quot;:0,&quot;335559740&quot;:240}\">&nbsp;<\/span><\/td>\n<td colspan=\"2\" data-celllook=\"69905\">\n<p style=\"text-align: center;\"><span data-contrast=\"auto\">240<\/span><span data-ccp-props=\"{&quot;201341983&quot;:0,&quot;335551550&quot;:2,&quot;335551620&quot;:2,&quot;335559739&quot;:0,&quot;335559740&quot;:240}\">&nbsp;<\/span><\/p>\n<\/td>\n<\/tr>\n<tr aria-rowindex=\"5\">\n<td data-celllook=\"4369\"><span data-contrast=\"auto\">Di\u00e1metro sobre escote<\/span><span data-ccp-props=\"{&quot;201341983&quot;:0,&quot;335551550&quot;:6,&quot;335551620&quot;:6,&quot;335559739&quot;:0,&quot;335559740&quot;:240}\">&nbsp;<\/span><\/td>\n<td data-celllook=\"4369\">\n<p style=\"text-align: center;\"><span data-contrast=\"auto\">mm<\/span><span data-ccp-props=\"{&quot;201341983&quot;:0,&quot;335551550&quot;:2,&quot;335551620&quot;:2,&quot;335559739&quot;:0,&quot;335559740&quot;:240}\">&nbsp;<\/span><\/p>\n<\/td>\n<td colspan=\"2\" data-celllook=\"4369\">\n<p style=\"text-align: center;\"><span data-contrast=\"auto\">710<\/span><span data-ccp-props=\"{&quot;201341983&quot;:0,&quot;335551550&quot;:2,&quot;335551620&quot;:2,&quot;335559739&quot;:0,&quot;335559740&quot;:240}\">&nbsp;<\/span><\/p>\n<\/td>\n<\/tr>\n<tr aria-rowindex=\"6\">\n<td data-celllook=\"4369\"><span data-contrast=\"auto\">Distancia entre puntos<\/span><span data-ccp-props=\"{&quot;201341983&quot;:0,&quot;335551550&quot;:6,&quot;335551620&quot;:6,&quot;335559739&quot;:0,&quot;335559740&quot;:240}\">&nbsp;<\/span><\/td>\n<td data-celllook=\"4369\">\n<p style=\"text-align: center;\"><span data-contrast=\"auto\">mm<\/span><span data-ccp-props=\"{&quot;201341983&quot;:0,&quot;335551550&quot;:2,&quot;335551620&quot;:2,&quot;335559739&quot;:0,&quot;335559740&quot;:240}\">&nbsp;<\/span><\/p>\n<\/td>\n<td colspan=\"2\" data-celllook=\"4369\">\n<p style=\"text-align: center;\"><b><span data-contrast=\"auto\">1.000 \/ 2.000<\/span><\/b><span data-ccp-props=\"{&quot;201341983&quot;:0,&quot;335551550&quot;:2,&quot;335551620&quot;:2,&quot;335559739&quot;:0,&quot;335559740&quot;:240}\">&nbsp;<\/span><\/p>\n<\/td>\n<\/tr>\n<tr aria-rowindex=\"7\">\n<td data-celllook=\"4369\"><span data-contrast=\"auto\">Capacidad de carga<\/span><span data-ccp-props=\"{&quot;201341983&quot;:0,&quot;335551550&quot;:6,&quot;335551620&quot;:6,&quot;335559739&quot;:0,&quot;335559740&quot;:240}\">&nbsp;<\/span><\/td>\n<td data-celllook=\"4369\">\n<p style=\"text-align: center;\"><span data-contrast=\"auto\">Kg<\/span><span data-ccp-props=\"{&quot;201341983&quot;:0,&quot;335551550&quot;:2,&quot;335551620&quot;:2,&quot;335559739&quot;:0,&quot;335559740&quot;:240}\">&nbsp;<\/span><\/p>\n<\/td>\n<td colspan=\"2\" data-celllook=\"4369\">\n<p style=\"text-align: center;\"><b><span data-contrast=\"auto\">1.500<\/span><\/b><span data-ccp-props=\"{&quot;201341983&quot;:0,&quot;335551550&quot;:2,&quot;335551620&quot;:2,&quot;335559739&quot;:0,&quot;335559740&quot;:240}\">&nbsp;<\/span><\/p>\n<\/td>\n<\/tr>\n<tr aria-rowindex=\"8\">\n<td colspan=\"4\" data-celllook=\"4369\"><b><span data-contrast=\"auto\">Dimensiones<\/span><\/b><span data-ccp-props=\"{&quot;201341983&quot;:0,&quot;335559739&quot;:0,&quot;335559740&quot;:240}\">&nbsp;<\/span><\/td>\n<\/tr>\n<tr aria-rowindex=\"9\">\n<td data-celllook=\"4369\"><span data-contrast=\"auto\">Anchura gu\u00edas de la bancada<\/span><span data-ccp-props=\"{&quot;201341983&quot;:0,&quot;335559739&quot;:0,&quot;335559740&quot;:240}\">&nbsp;<\/span><\/td>\n<td data-celllook=\"4369\">\n<p style=\"text-align: center;\"><span data-contrast=\"auto\">mm<\/span><span data-ccp-props=\"{&quot;201341983&quot;:0,&quot;335551550&quot;:2,&quot;335551620&quot;:2,&quot;335559739&quot;:0,&quot;335559740&quot;:240}\">&nbsp;<\/span><\/p>\n<\/td>\n<td colspan=\"2\" data-celllook=\"4369\">\n<p style=\"text-align: center;\"><span data-contrast=\"auto\">355<\/span><span data-ccp-props=\"{&quot;201341983&quot;:0,&quot;335551550&quot;:2,&quot;335551620&quot;:2,&quot;335559739&quot;:0,&quot;335559740&quot;:240}\">&nbsp;<\/span><\/p>\n<\/td>\n<\/tr>\n<tr aria-rowindex=\"10\">\n<td data-celllook=\"4369\"><span data-contrast=\"auto\">Anchura gu\u00edas carro transv.<\/span><span data-ccp-props=\"{&quot;201341983&quot;:0,&quot;335559739&quot;:0,&quot;335559740&quot;:240}\">&nbsp;<\/span><\/td>\n<td data-celllook=\"4369\">\n<p style=\"text-align: center;\"><span data-contrast=\"auto\">mm<\/span><span data-ccp-props=\"{&quot;201341983&quot;:0,&quot;335551550&quot;:2,&quot;335551620&quot;:2,&quot;335559739&quot;:0,&quot;335559740&quot;:240}\">&nbsp;<\/span><\/p>\n<\/td>\n<td colspan=\"2\" data-celllook=\"4369\">\n<p style=\"text-align: center;\"><span data-contrast=\"auto\">215<\/span><span data-ccp-props=\"{&quot;201341983&quot;:0,&quot;335551550&quot;:2,&quot;335551620&quot;:2,&quot;335559739&quot;:0,&quot;335559740&quot;:240}\">&nbsp;<\/span><\/p>\n<\/td>\n<\/tr>\n<tr aria-rowindex=\"11\">\n<td colspan=\"4\" data-celllook=\"4369\"><b><span data-contrast=\"auto\">RECORRIDO<\/span><\/b><span data-ccp-props=\"{&quot;201341983&quot;:0,&quot;335559739&quot;:0,&quot;335559740&quot;:240}\">&nbsp;<\/span><\/td>\n<\/tr>\n<tr aria-rowindex=\"12\">\n<td data-celllook=\"4369\"><span data-contrast=\"auto\">Eje X<\/span><span data-ccp-props=\"{&quot;201341983&quot;:0,&quot;335551550&quot;:6,&quot;335551620&quot;:6,&quot;335559739&quot;:0,&quot;335559740&quot;:240}\">&nbsp;<\/span><\/td>\n<td data-celllook=\"4369\"><span data-ccp-props=\"{&quot;201341983&quot;:0,&quot;335559739&quot;:0,&quot;335559740&quot;:240}\">&nbsp;<\/span><\/td>\n<td colspan=\"2\" data-celllook=\"4369\">\n<p style=\"text-align: center;\"><span data-contrast=\"auto\">260<\/span><span data-ccp-props=\"{&quot;201341983&quot;:0,&quot;335551550&quot;:2,&quot;335551620&quot;:2,&quot;335559739&quot;:0,&quot;335559740&quot;:240}\">&nbsp;<\/span><\/p>\n<\/td>\n<\/tr>\n<tr aria-rowindex=\"13\">\n<td data-celllook=\"4369\"><span data-contrast=\"auto\">Eje Z<\/span><span data-ccp-props=\"{&quot;201341983&quot;:0,&quot;335559739&quot;:0,&quot;335559740&quot;:240}\">&nbsp;<\/span><\/td>\n<td data-celllook=\"4369\">\n<p style=\"text-align: center;\"><span data-contrast=\"auto\">mm<\/span><span data-ccp-props=\"{&quot;201341983&quot;:0,&quot;335551550&quot;:2,&quot;335551620&quot;:2,&quot;335559739&quot;:0,&quot;335559740&quot;:240}\">&nbsp;<\/span><\/p>\n<\/td>\n<td colspan=\"2\" data-celllook=\"4369\">\n<p style=\"text-align: center;\"><span data-contrast=\"auto\">1.180 \/ 1.680<\/span><span data-ccp-props=\"{&quot;201341983&quot;:0,&quot;335551550&quot;:2,&quot;335551620&quot;:2,&quot;335559739&quot;:0,&quot;335559740&quot;:240}\">&nbsp;<\/span><\/p>\n<\/td>\n<\/tr>\n<tr aria-rowindex=\"14\">\n<td colspan=\"4\" data-celllook=\"4369\"><b><span data-contrast=\"auto\">CA\u00d1A<\/span><\/b><span data-ccp-props=\"{&quot;201341983&quot;:0,&quot;335559739&quot;:0,&quot;335559740&quot;:240}\">&nbsp;<\/span><\/td>\n<\/tr>\n<tr aria-rowindex=\"15\">\n<td data-celllook=\"4369\"><span data-contrast=\"auto\">\u00d8 ca\u00f1a del husillo&nbsp;<\/span><span data-ccp-props=\"{&quot;201341983&quot;:0,&quot;335559739&quot;:0,&quot;335559740&quot;:240}\">&nbsp;<\/span><\/td>\n<td data-celllook=\"4369\">\n<p style=\"text-align: center;\"><span data-contrast=\"auto\">mm<\/span><span data-ccp-props=\"{&quot;201341983&quot;:0,&quot;335551550&quot;:2,&quot;335551620&quot;:2,&quot;335559739&quot;:0,&quot;335559740&quot;:240}\">&nbsp;<\/span><\/p>\n<\/td>\n<td colspan=\"2\" data-celllook=\"69905\">\n<p style=\"text-align: center;\"><span data-contrast=\"auto\">65<\/span><span data-ccp-props=\"{&quot;201341983&quot;:0,&quot;335551550&quot;:2,&quot;335551620&quot;:2,&quot;335559739&quot;:0,&quot;335559740&quot;:240}\">&nbsp;<\/span><\/p>\n<\/td>\n<\/tr>\n<tr aria-rowindex=\"16\">\n<td data-celllook=\"4369\"><span data-contrast=\"auto\">Nariz husillo<\/span><span data-ccp-props=\"{&quot;201341983&quot;:0,&quot;335559739&quot;:0,&quot;335559740&quot;:240}\">&nbsp;<\/span><\/td>\n<td data-celllook=\"4369\"><span data-ccp-props=\"{&quot;201341983&quot;:0,&quot;335551550&quot;:2,&quot;335551620&quot;:2,&quot;335559739&quot;:0,&quot;335559740&quot;:240}\">&nbsp;<\/span><\/td>\n<td colspan=\"2\" data-celllook=\"69905\">\n<p style=\"text-align: center;\"><span data-contrast=\"auto\">D1-6<\/span><span data-ccp-props=\"{&quot;201341983&quot;:0,&quot;335551550&quot;:2,&quot;335551620&quot;:2,&quot;335559739&quot;:0,&quot;335559740&quot;:240}\">&nbsp;<\/span><\/p>\n<\/td>\n<\/tr>\n<tr aria-rowindex=\"17\">\n<td data-celllook=\"4369\"><span data-contrast=\"auto\">Gama de velocidades<\/span><span data-ccp-props=\"{&quot;201341983&quot;:0,&quot;335559739&quot;:0,&quot;335559740&quot;:240}\">&nbsp;<\/span><\/td>\n<td data-celllook=\"4369\">\n<p style=\"text-align: center;\"><span data-contrast=\"auto\">rpm<\/span><span data-ccp-props=\"{&quot;201341983&quot;:0,&quot;335551550&quot;:2,&quot;335551620&quot;:2,&quot;335559739&quot;:0,&quot;335559740&quot;:240}\">&nbsp;<\/span><\/p>\n<\/td>\n<td colspan=\"2\" data-celllook=\"4369\">\n<p style=\"text-align: center;\"><span data-contrast=\"auto\">0-4.500<\/span><span data-ccp-props=\"{&quot;201341983&quot;:0,&quot;335551550&quot;:2,&quot;335551620&quot;:2,&quot;335559739&quot;:0,&quot;335559740&quot;:240}\">&nbsp;<\/span><\/p>\n<\/td>\n<\/tr>\n<tr aria-rowindex=\"18\">\n<td data-celllook=\"4369\"><span data-contrast=\"auto\">N\u00famero de gamas<\/span><span data-ccp-props=\"{&quot;201341983&quot;:0,&quot;335559739&quot;:0,&quot;335559740&quot;:240}\">&nbsp;<\/span><\/td>\n<td data-celllook=\"4369\">\n<p style=\"text-align: center;\"><span data-ccp-props=\"{&quot;201341983&quot;:0,&quot;335551550&quot;:2,&quot;335551620&quot;:2,&quot;335559739&quot;:0,&quot;335559740&quot;:240}\">&nbsp;<\/span><\/p>\n<\/td>\n<td colspan=\"2\" data-celllook=\"4369\">\n<p style=\"text-align: center;\"><span data-contrast=\"auto\">2, cambio autom\u00e1tico<\/span><span data-ccp-props=\"{&quot;201341983&quot;:0,&quot;335551550&quot;:2,&quot;335551620&quot;:2,&quot;335559739&quot;:0,&quot;335559740&quot;:240}\">&nbsp;<\/span><\/p>\n<\/td>\n<\/tr>\n<tr aria-rowindex=\"19\">\n<td data-celllook=\"4369\"><span data-contrast=\"auto\">Potencia del motor<\/span><span data-ccp-props=\"{&quot;201341983&quot;:0,&quot;335559739&quot;:0,&quot;335559740&quot;:240}\">&nbsp;<\/span><\/td>\n<td data-celllook=\"4369\">\n<p style=\"text-align: center;\"><span data-contrast=\"auto\">Kw<\/span><span data-ccp-props=\"{&quot;201341983&quot;:0,&quot;335551550&quot;:2,&quot;335551620&quot;:2,&quot;335559739&quot;:0,&quot;335559740&quot;:240}\">&nbsp;<\/span><\/p>\n<\/td>\n<td colspan=\"2\" data-celllook=\"4369\">\n<p style=\"text-align: center;\"><span data-contrast=\"auto\">7.5\/11<\/span><span data-ccp-props=\"{&quot;201341983&quot;:0,&quot;335551550&quot;:2,&quot;335551620&quot;:2,&quot;335559739&quot;:0,&quot;335559740&quot;:240}\">&nbsp;<\/span><\/p>\n<\/td>\n<\/tr>\n<tr aria-rowindex=\"20\">\n<td colspan=\"4\" data-celllook=\"4369\"><b><span data-contrast=\"auto\">CONTRAPUNTO<\/span><\/b><span data-ccp-props=\"{&quot;201341983&quot;:0,&quot;335559739&quot;:0,&quot;335559740&quot;:240}\">&nbsp;<\/span><\/td>\n<\/tr>\n<tr aria-rowindex=\"21\">\n<td data-celllook=\"4369\"><span data-contrast=\"auto\">Di\u00e1metro de la ca\u00f1a<\/span><span data-ccp-props=\"{&quot;201341983&quot;:0,&quot;335559739&quot;:0,&quot;335559740&quot;:240}\">&nbsp;<\/span><\/td>\n<td data-celllook=\"4369\">\n<p style=\"text-align: center;\"><span data-contrast=\"auto\">Mm<\/span><span data-ccp-props=\"{&quot;201341983&quot;:0,&quot;335551550&quot;:2,&quot;335551620&quot;:2,&quot;335559739&quot;:0,&quot;335559740&quot;:240}\">&nbsp;<\/span><\/p>\n<\/td>\n<td colspan=\"2\" data-celllook=\"4369\">\n<p style=\"text-align: center;\"><span data-contrast=\"auto\">80<\/span><span data-ccp-props=\"{&quot;201341983&quot;:0,&quot;335551550&quot;:2,&quot;335551620&quot;:2,&quot;335559739&quot;:0,&quot;335559740&quot;:240}\">&nbsp;<\/span><\/p>\n<\/td>\n<\/tr>\n<tr aria-rowindex=\"22\">\n<td data-celllook=\"4369\"><span data-contrast=\"auto\">Salida de la ca\u00f1a<\/span><span data-ccp-props=\"{&quot;201341983&quot;:0,&quot;335559739&quot;:0,&quot;335559740&quot;:240}\">&nbsp;<\/span><\/td>\n<td data-celllook=\"4369\">\n<p style=\"text-align: center;\"><span data-contrast=\"auto\">mm<\/span><span data-ccp-props=\"{&quot;201341983&quot;:0,&quot;335551550&quot;:2,&quot;335551620&quot;:2,&quot;335559739&quot;:0,&quot;335559740&quot;:240}\">&nbsp;<\/span><\/p>\n<\/td>\n<td colspan=\"2\" data-celllook=\"4369\">\n<p style=\"text-align: center;\"><span data-contrast=\"auto\">150<\/span><span data-ccp-props=\"{&quot;201341983&quot;:0,&quot;335551550&quot;:2,&quot;335551620&quot;:2,&quot;335559739&quot;:0,&quot;335559740&quot;:240}\">&nbsp;<\/span><\/p>\n<\/td>\n<\/tr>\n<tr aria-rowindex=\"23\">\n<td data-celllook=\"4369\"><span data-contrast=\"auto\">Cono interior<\/span><span data-ccp-props=\"{&quot;201341983&quot;:0,&quot;335559739&quot;:0,&quot;335559740&quot;:240}\">&nbsp;<\/span><\/td>\n<td data-celllook=\"4369\">\n<p style=\"text-align: center;\"><span data-contrast=\"auto\">MT<\/span><span data-ccp-props=\"{&quot;201341983&quot;:0,&quot;335551550&quot;:2,&quot;335551620&quot;:2,&quot;335559739&quot;:0,&quot;335559740&quot;:240}\">&nbsp;<\/span><\/p>\n<\/td>\n<td colspan=\"2\" data-celllook=\"4369\">\n<p style=\"text-align: center;\"><span data-contrast=\"auto\">MT5<\/span><span data-ccp-props=\"{&quot;201341983&quot;:0,&quot;335551550&quot;:2,&quot;335551620&quot;:2,&quot;335559739&quot;:0,&quot;335559740&quot;:240}\">&nbsp;<\/span><\/p>\n<\/td>\n<\/tr>\n<tr aria-rowindex=\"24\">\n<td colspan=\"4\" data-celllook=\"4369\"><b><span data-contrast=\"auto\">GAMA DE AVANCES<\/span><\/b><span data-ccp-props=\"{&quot;201341983&quot;:0,&quot;335559739&quot;:0,&quot;335559740&quot;:240}\">&nbsp;<\/span><\/td>\n<\/tr>\n<tr aria-rowindex=\"25\">\n<td data-celllook=\"4369\"><span data-contrast=\"auto\">Avances r\u00e1pidos eje X\/Z<\/span><span data-ccp-props=\"{&quot;201341983&quot;:0,&quot;335559739&quot;:0,&quot;335559740&quot;:240}\">&nbsp;<\/span><\/td>\n<td data-celllook=\"4369\">\n<p style=\"text-align: center;\"><span data-contrast=\"auto\">m\/min<\/span><span data-ccp-props=\"{&quot;201341983&quot;:0,&quot;335551550&quot;:2,&quot;335551620&quot;:2,&quot;335559739&quot;:0,&quot;335559740&quot;:240}\">&nbsp;<\/span><\/p>\n<\/td>\n<td colspan=\"2\" data-celllook=\"4369\">\n<p style=\"text-align: center;\"><span data-contrast=\"auto\">15\/15<\/span><span data-ccp-props=\"{&quot;201341983&quot;:0,&quot;335551550&quot;:2,&quot;335551620&quot;:2,&quot;335559739&quot;:0,&quot;335559740&quot;:240}\">&nbsp;<\/span><\/p>\n<\/td>\n<\/tr>\n<tr aria-rowindex=\"26\">\n<td data-celllook=\"4369\"><span data-contrast=\"auto\">Avances de trabajo<\/span><span data-ccp-props=\"{&quot;201341983&quot;:0,&quot;335559739&quot;:0,&quot;335559740&quot;:240}\">&nbsp;<\/span><\/td>\n<td data-celllook=\"4369\">\n<p style=\"text-align: center;\"><span data-contrast=\"auto\">m\/min<\/span><span data-ccp-props=\"{&quot;201341983&quot;:0,&quot;335551550&quot;:2,&quot;335551620&quot;:2,&quot;335559739&quot;:0,&quot;335559740&quot;:240}\">&nbsp;<\/span><\/p>\n<\/td>\n<td colspan=\"2\" data-celllook=\"4369\">\n<p style=\"text-align: center;\"><span data-contrast=\"auto\">3<\/span><span data-ccp-props=\"{&quot;201341983&quot;:0,&quot;335551550&quot;:2,&quot;335551620&quot;:2,&quot;335559739&quot;:0,&quot;335559740&quot;:240}\">&nbsp;<\/span><\/p>\n<\/td>\n<\/tr>\n<tr aria-rowindex=\"27\">\n<td data-celllook=\"4369\"><b><span data-contrast=\"auto\">CNC<\/span><\/b><span data-ccp-props=\"{&quot;201341983&quot;:0,&quot;335559739&quot;:0,&quot;335559740&quot;:240}\">&nbsp;<\/span><\/td>\n<td data-celllook=\"4369\">\n<p style=\"text-align: center;\"><span data-ccp-props=\"{&quot;201341983&quot;:0,&quot;335551550&quot;:2,&quot;335551620&quot;:2,&quot;335559739&quot;:0,&quot;335559740&quot;:240}\">&nbsp;<\/span><\/p>\n<\/td>\n<td style=\"text-align: center;\" colspan=\"2\" data-celllook=\"4369\"><b><span data-contrast=\"auto\">FAGOR 8055i FL 10.4\u201dLCD<\/span><\/b><span data-ccp-props=\"{&quot;201341983&quot;:0,&quot;335551550&quot;:2,&quot;335551620&quot;:2,&quot;335559739&quot;:0,&quot;335559740&quot;:240}\">&nbsp;<\/span><\/td>\n<\/tr>\n<\/tbody>\n<\/table>\n","protected":false},"excerpt":{"rendered":"<p>&nbsp; BNC 475&nbsp; CAPACIDAD&nbsp; Di\u00e1metro sobre bancada&nbsp; mm&nbsp; 475&nbsp; Di\u00e1metro sobre carro&nbsp; mm&nbsp; 240&nbsp; Di\u00e1metro sobre escote&nbsp; mm&nbsp; 710&nbsp; Distancia entre puntos&nbsp; mm&nbsp; 1.000 \/ 2.000&nbsp; Capacidad de carga&nbsp; Kg&nbsp; 1.500&nbsp; Dimensiones&nbsp; Anchura gu\u00edas de la bancada&nbsp; mm&nbsp; 355&nbsp; Anchura gu\u00edas carro transv.&nbsp; mm&nbsp; 215&nbsp; RECORRIDO&nbsp; Eje X&nbsp; &nbsp; 260&nbsp; Eje Z&nbsp; mm&nbsp; 1.180 \/ [&#8230;]<\/p>\n<p><a class=\"btn btn-primary understrap-read-more-link\" href=\"https:\/\/www.maquinariamarquez.com\/pt-pt\/centros-mecanizado-startech-machinery\/tornos-paralelos-cnc\/serie-s-bnc-425-475\/\">Veja detalhes<\/a><\/p>\n","protected":false},"author":8,"featured_media":22824,"parent":55007,"menu_order":52,"comment_status":"closed","ping_status":"closed","template":"page-templates\/template-page-maquina.php","meta":{"_acf_changed":false,"footnotes":""},"geolocalizacion":[67,66],"class_list":["post-55009","page","type-page","status-publish","has-post-thumbnail","hentry","geolocalizacion-latino","geolocalizacion-portugal"],"acf":[],"aioseo_notices":[],"_links":{"self":[{"href":"https:\/\/www.maquinariamarquez.com\/pt-pt\/wp-json\/wp\/v2\/pages\/55009","targetHints":{"allow":["GET"]}}],"collection":[{"href":"https:\/\/www.maquinariamarquez.com\/pt-pt\/wp-json\/wp\/v2\/pages"}],"about":[{"href":"https:\/\/www.maquinariamarquez.com\/pt-pt\/wp-json\/wp\/v2\/types\/page"}],"author":[{"embeddable":true,"href":"https:\/\/www.maquinariamarquez.com\/pt-pt\/wp-json\/wp\/v2\/users\/8"}],"replies":[{"embeddable":true,"href":"https:\/\/www.maquinariamarquez.com\/pt-pt\/wp-json\/wp\/v2\/comments?post=55009"}],"version-history":[{"count":1,"href":"https:\/\/www.maquinariamarquez.com\/pt-pt\/wp-json\/wp\/v2\/pages\/55009\/revisions"}],"predecessor-version":[{"id":55010,"href":"https:\/\/www.maquinariamarquez.com\/pt-pt\/wp-json\/wp\/v2\/pages\/55009\/revisions\/55010"}],"up":[{"embeddable":true,"href":"https:\/\/www.maquinariamarquez.com\/pt-pt\/wp-json\/wp\/v2\/pages\/55007"}],"wp:featuredmedia":[{"embeddable":true,"href":"https:\/\/www.maquinariamarquez.com\/pt-pt\/wp-json\/wp\/v2\/media\/22824"}],"wp:attachment":[{"href":"https:\/\/www.maquinariamarquez.com\/pt-pt\/wp-json\/wp\/v2\/media?parent=55009"}],"wp:term":[{"taxonomy":"geolocalizacion","embeddable":true,"href":"https:\/\/www.maquinariamarquez.com\/pt-pt\/wp-json\/wp\/v2\/geolocalizacion?post=55009"}],"curies":[{"name":"wp","href":"https:\/\/api.w.org\/{rel}","templated":true}]}}